{"id":11,"date":"2022-11-26T08:30:43","date_gmt":"2022-11-26T08:30:43","guid":{"rendered":"https:\/\/dotssi.fi\/?page_id=11"},"modified":"2024-12-05T07:11:10","modified_gmt":"2024-12-05T07:11:10","slug":"3d-kuvat","status":"publish","type":"page","link":"https:\/\/dotssi.fi\/","title":{"rendered":".ssi-etusivu"},"content":{"rendered":"<section class=\"wpb-content-wrapper\"><p>[vc_row][vc_column][vc_separator color=&#8221;black&#8221; style=&#8221;shadow&#8221; border_width=&#8221;10&#8243; css=&#8221;.vc_custom_1733381584228{margin-top: -80px !important;}&#8221;][vc_column_text css=&#8221;.vc_custom_1733382191238{background-position: center !important;background-repeat: no-repeat !important;background-size: cover !important;}&#8221;]<\/p>\r\n<p style=\"text-align: center;\">Sales supporting images &#8211; 3D-kuvien visualisointi<!-- \/wp:post-content --><\/p>\r\n<h1 style=\"text-align: center;\"><!-- wp:paragraph -->.ssi-palvelu<\/h1>\r\n<h3 style=\"text-align: center;\">\u00a0 jalostamme yritykseSI cad-kuvat OSAKSI markkinointia<\/h3>\r\n<p style=\"text-align: center;\">.ssi-palvelu on suunnattu erityisesti yrityksille, joilla omien tuotteiden suunnittelu tehd\u00e4\u00e4n cad-ohjemistolla.<br \/>T\u00e4t\u00e4 cad-materiaalia jatkojalostamalla voidaan visualisoida n\u00e4ytt\u00e4v\u00e4\u00e4 markkinointimateriaalia 3D-kuvista.<br \/>.ssi on keskittynyt myyvien, fotorealististen kuvien tekemiseen 3D:n avulla.<\/p>\r\n<figure class=\"wp-block-gallery has-nested-images columns-default is-cropped\"><!-- wp:image {\"id\":30,\"sizeSlug\":\"full\",\"linkDestination\":\"none\"} -->\r\n<figure class=\"wp-block-image size-large\"><\/figure>\r\n<!-- \/wp:image --><\/figure>\r\n<p>[\/vc_column_text][vc_separator][vc_column_text]<\/p>\r\n<h3 style=\"text-align: center;\"><a href=\"https:\/\/dotssi.fi\/index.php\/testaa-ilmaiseksi\/\"><img loading=\"lazy\" decoding=\"async\" class=\"wp-image-386 aligncenter\" src=\"https:\/\/dotssi.fi\/wp-content\/uploads\/2024\/12\/Dotssi_challenge-297x300.jpg\" alt=\"\" width=\"77\" height=\"54\" \/><\/a><br \/>Tee 3D-kuvien visualisointitesti<\/h3>\r\n<h4 style=\"text-align: center;\"><a href=\"https:\/\/dotssi.fi\/index.php\/testaa-ilmaiseksi\/\">Testaa palveluamme t\u00e4ysin veloituksetta ja sitoumuksetta.<\/a><\/h4>\r\n<p>[\/vc_column_text][vc_separator][\/vc_column][\/vc_row][vc_row][vc_column width=&#8221;1\/3&#8243; css=&#8221;.vc_custom_1669807750448{margin-bottom: 0px !important;}&#8221;][vc_single_image image=&#8221;119&#8243; img_size=&#8221;full&#8221; alignment=&#8221;center&#8221;][\/vc_column][vc_column width=&#8221;2\/3&#8243;][vc_column_text css=&#8221;.vc_custom_1733382311045{margin-top: -5px !important;margin-bottom: 50px !important;}&#8221;]<\/p>\r\n<h6>Jos yrityksell\u00e4 on omien tuotteiden cad-pohjainen suunnittelu<\/h6>\r\n<h3>.ssi 3D-tuotekuvat CAD-kuvista<\/h3>\r\n<p>N\u00e4ytt\u00e4v\u00e4t, studiomaiset 3D-tuotekuvat tehd\u00e4\u00e4n asiakkaan toimittaman CAD-materiaalin mallinnoksesta.<br \/><strong>Lopputuotteena<\/strong> asiakas saa tuotekuvat l\u00e4pin\u00e4kyv\u00e4ll\u00e4 taustalla sek\u00e4 web- ett\u00e4 painotuotek\u00e4ytt\u00f6\u00f6n.<\/p>\r\n<p><a href=\"https:\/\/dotssi.fi\/index.php\/dt_portfolios\/3d-studiotuotekuvat\/\"><img loading=\"lazy\" decoding=\"async\" class=\"wp-image-134 alignleft\" src=\"https:\/\/dotssi.fi\/wp-content\/uploads\/2022\/11\/ksmallikuvia-300x60.png\" alt=\"\" width=\"129\" height=\"21\" \/><\/a><\/p>\r\n<p>[\/vc_column_text][\/vc_column][\/vc_row][vc_row][vc_column width=&#8221;1\/3&#8243; css=&#8221;.vc_custom_1669807734495{margin-bottom: 0px !important;}&#8221;][vc_single_image image=&#8221;118&#8243; img_size=&#8221;full&#8221; alignment=&#8221;center&#8221; css=&#8221;.vc_custom_1669807527163{margin-top: 0px !important;}&#8221;][\/vc_column][vc_column width=&#8221;2\/3&#8243;][vc_column_text css=&#8221;.vc_custom_1733382336055{margin-top: -5px !important;margin-bottom: 50px !important;}&#8221;]<\/p>\r\n<h6>Jos yrityksell\u00e4 on omien tuotteiden cad-pohjainen suunnittelu sek\u00e4 tarve maisemoituihin kuviin<\/h6>\r\n<h3>.ssi 3D-maisemoidut tuotekuvat cad-kuvista<\/h3>\r\n<p>Tuotekuvat sijoitetaan l\u00e4hes fotorealistiseen ymp\u00e4rist\u00f6\u00f6n. Tuotekuvan osuus tehd\u00e4\u00e4n asiakkaan toimittamasta CAD-mallinnoksesta.<br \/><strong>Lopputuotteena<\/strong> asiakas saa kuvat\u00a0 sek\u00e4 web- ett\u00e4 painotuotek\u00e4ytt\u00f6\u00f6n.<\/p>\r\n<p><a href=\"https:\/\/dotssi.fi\/index.php\/dt_portfolios\/maisemoidut-3d-kuvat\/\"><img loading=\"lazy\" decoding=\"async\" class=\"wp-image-134 alignleft\" src=\"https:\/\/dotssi.fi\/wp-content\/uploads\/2022\/11\/ksmallikuvia-300x60.png\" alt=\"\" width=\"129\" height=\"21\" \/><\/a><\/p>\r\n<p>[\/vc_column_text][\/vc_column][\/vc_row][vc_row][vc_column][vc_separator][vc_column_text]<\/p>\r\n<h1 style=\"text-align: center;\">.ssi kuvien<br \/>MAHDOLLISUUDET<\/h1>\r\n<p style=\"text-align: center;\">Voit k\u00e4ytt\u00e4\u00e4 .ssi-visualisointipalvelua moneen eri tarkoitukseen tai monestakin syyst\u00e4:<\/p>\r\n<p>[\/vc_column_text][\/vc_column][\/vc_row][vc_row][vc_column width=&#8221;1\/3&#8243;][vc_column_text]<\/p>\r\n<h3 style=\"text-align: center;\">Ennakko-<br \/>markkinointi<\/h3>\r\n<p style=\"text-align: center;\">Cad-mallinnoksista voidaan tehd\u00e4 fotorealistiset 3D-kuvat jo ennen kuin edes kyseist\u00e4 tuotetta on valmistettu yht\u00e4\u00e4n kappaletta.<\/p>\r\n<p>[\/vc_column_text][\/vc_column][vc_column width=&#8221;1\/3&#8243;][vc_column_text]<\/p>\r\n<h3 style=\"text-align: center;\">tuotteen<br \/>Variointi<\/h3>\r\n<p style=\"text-align: center;\">Cad-mallinnoksista tehdyist\u00e4 3D-tuotekuvista voidaan tehd\u00e4 erilaisia versioita niin v\u00e4rityksen kuin materiaalien suhteen.<\/p>\r\n<p>[\/vc_column_text][\/vc_column][vc_column width=&#8221;1\/3&#8243;][vc_column_text]<\/p>\r\n<h3 style=\"text-align: center;\">Olosuhteiden<br \/>&#8220;pakosta&#8221;<\/h3>\r\n<p style=\"text-align: center;\">Cad-mallinnoksista tehtyj\u00e4 3D-tuotevisualisoinnit voidaan sijoittaa kes\u00e4ll\u00e4 keskelle hankea ja talvella keskikes\u00e4n maisemaan.<\/p>\r\n<p>[\/vc_column_text][\/vc_column][\/vc_row][vc_row][vc_column width=&#8221;1\/3&#8243;][vc_column_text]<\/p>\r\n<h3 style=\"text-align: center;\">Kun studio<br \/>ei ole vaihtoehto<\/h3>\r\n<p style=\"text-align: center;\">Toisinaan voi olla ettei tuotteen vieminen studioon valokuvattavaksi ole edes mahdollista. Silloin cad-tiedostosta tehty 3D-visualisointi on j\u00e4lleen hyv\u00e4 vaihtoehto.<\/p>\r\n<p>[\/vc_column_text][\/vc_column][vc_column width=&#8221;1\/3&#8243;][vc_column_text]<\/p>\r\n<h3 style=\"text-align: center;\">3D-kuvat tekee <br \/>mahdottomasta mahdollista<\/h3>\r\n<p style=\"text-align: center;\">Jos haluat vied\u00e4 tuotteesi vaikkapa kuun pinnalle tai pime\u00e4lle keskiajalle, niin sekin on mahdollista. Aivan kuten formuloiden talvitestit lumisilla teill\u00e4.<\/p>\r\n<p>[\/vc_column_text][\/vc_column][vc_column width=&#8221;1\/3&#8243;][vc_column_text]<\/p>\r\n<h3 style=\"text-align: center;\">tuotekuvien yhdenmukaistaminen<\/h3>\r\n<p style=\"text-align: center;\">Ajan saatosta kuvatut tuotteet saattavat n\u00e4ytt\u00e4\u00e4 laadullisesti hyvinkin poikkeavilta kesken\u00e4\u00e4n. \u2028.ssi-tuotekuvapalvelulla cad-mallinnoksista saadaan aikaan yhten\u00e4inen 3D-tuotekuvasarja niin valaistuksen kuin kuvakulmien suhteen.<\/p>\r\n<p>[\/vc_column_text][\/vc_column][\/vc_row][vc_row][vc_column][vc_separator css=&#8221;.vc_custom_1669805308644{margin-top: 20px !important;}&#8221;][vc_column_text]<\/p>\r\n<h1 style=\"text-align: center;\">Asiakkaitamme<\/h1>\r\n<p>[\/vc_column_text][\/vc_column][\/vc_row][vc_row][vc_column width=&#8221;1\/6&#8243;][vc_column_text][\/vc_column_text][\/vc_column][vc_column width=&#8221;1\/6&#8243;][vc_column_text css=&#8221;.vc_custom_1670090096342{margin-top: 8px !important;}&#8221;]<img loading=\"lazy\" decoding=\"async\" class=\"alignnone wp-image-287\" src=\"https:\/\/dotssi.fi\/wp-content\/uploads\/2022\/12\/FMG.png\" alt=\"\" width=\"100\" height=\"17\" \/>[\/vc_column_text][vc_column_text css=&#8221;.vc_custom_1670090229366{margin-top: 25px !important;}&#8221;]<img loading=\"lazy\" decoding=\"async\" class=\"alignnone wp-image-286 \" src=\"https:\/\/dotssi.fi\/wp-content\/uploads\/2022\/12\/Elho.png\" alt=\"\" width=\"100\" height=\"17\" \/>[\/vc_column_text][vc_column_text][\/vc_column_text][\/vc_column][vc_column width=&#8221;1\/6&#8243;][vc_column_text css=&#8221;.vc_custom_1670090084351{margin-top: 8px !important;}&#8221;]<img loading=\"lazy\" decoding=\"async\" class=\"alignnone wp-image-290\" src=\"https:\/\/dotssi.fi\/wp-content\/uploads\/2022\/12\/Kesla.png\" alt=\"\" width=\"100\" height=\"14\" \/>[\/vc_column_text][vc_column_text css=&#8221;.vc_custom_1670090204044{margin-top: 10px !important;margin-bottom: 0px !important;}&#8221;]<img loading=\"lazy\" decoding=\"async\" class=\"alignnone wp-image-293 \" src=\"https:\/\/dotssi.fi\/wp-content\/uploads\/2022\/12\/BB-150x150.png\" alt=\"\" width=\"80\" height=\"69\" \/>[\/vc_column_text][\/vc_column][vc_column width=&#8221;1\/6&#8243;][vc_column_text css=&#8221;.vc_custom_1670090295660{margin-top: 5px !important;}&#8221;]<img loading=\"lazy\" decoding=\"async\" class=\"alignnone wp-image-291\" src=\"https:\/\/dotssi.fi\/wp-content\/uploads\/2022\/12\/KR.png\" alt=\"\" width=\"100\" height=\"6\" \/>[\/vc_column_text][vc_column_text css=&#8221;.vc_custom_1670090280485{margin-top: 20px !important;}&#8221;]<img loading=\"lazy\" decoding=\"async\" class=\"alignnone wp-image-294 \" src=\"https:\/\/dotssi.fi\/wp-content\/uploads\/2022\/12\/keko.png\" alt=\"\" width=\"69\" height=\"72\" \/>[\/vc_column_text][\/vc_column][vc_column width=&#8221;1\/6&#8243;][vc_column_text css=&#8221;.vc_custom_1670090323031{margin-top: 13px !important;}&#8221;]<img loading=\"lazy\" decoding=\"async\" class=\"alignnone wp-image-289\" src=\"https:\/\/dotssi.fi\/wp-content\/uploads\/2022\/12\/Jalotakka.png\" alt=\"\" width=\"100\" height=\"7\" \/>[\/vc_column_text][vc_column_text css=&#8221;.vc_custom_1670090260179{margin-top: 25px !important;}&#8221;]<img loading=\"lazy\" decoding=\"async\" class=\"alignnone wp-image-288\" src=\"https:\/\/dotssi.fi\/wp-content\/uploads\/2022\/12\/Goparts.png\" alt=\"\" width=\"101\" height=\"5\" \/>[\/vc_column_text][vc_column_text][\/vc_column_text][\/vc_column][vc_column width=&#8221;1\/6&#8243;][\/vc_column][\/vc_row][vc_row][vc_column][vc_column_text]<\/p>\r\n<p style=\"text-align: center;\">Lis\u00e4\u00e4 referenssej\u00e4 voit katsoa <a href=\"https:\/\/referenssipalvelu.fi\/dotssi\">referenssipalvelu.fi<\/a> sivuilta tai klikkaamalla allaolevaa logoa.<br \/><a href=\"https:\/\/referenssipalvelu.fi\/dotssi\"><img loading=\"lazy\" decoding=\"async\" class=\"wp-image-366 aligncenter\" src=\"https:\/\/dotssi.fi\/wp-content\/uploads\/2024\/11\/Dotssi_logo_small_24.png\" alt=\"\" width=\"135\" height=\"116\" data-wp-editing=\"1\" \/><\/a><\/p>\r\n<p>[\/vc_column_text][\/vc_column][\/vc_row][vc_row][vc_column][vc_separator css=&#8221;.vc_custom_1669805308644{margin-top: 20px !important;}&#8221;][vc_column_text]<\/p>\r\n<h1 style=\"text-align: center;\">Ota yhteytt\u00e4<\/h1>\r\n<p style=\"text-align: center;\">T\u00e4yt\u00e4 ja l\u00e4het\u00e4 alla oleva lomake tai soita. Katsotaan yhdess\u00e4 mik\u00e4 ratkaisu sopii teid\u00e4n yrityksellenne parhaiten.<\/p>\r\n<p>[\/vc_column_text]\n<div class=\"wpcf7 no-js\" id=\"wpcf7-f28-o1\" lang=\"en-US\" dir=\"ltr\">\n<div class=\"screen-reader-response\"><p role=\"status\" aria-live=\"polite\" aria-atomic=\"true\"><\/p> <ul><\/ul><\/div>\n<form action=\"\/index.php\/wp-json\/wp\/v2\/pages\/11#wpcf7-f28-o1\" method=\"post\" class=\"wpcf7-form init\" aria-label=\"Contact form\" novalidate=\"novalidate\" data-status=\"init\">\n<div style=\"display: none;\">\n<input type=\"hidden\" name=\"_wpcf7\" value=\"28\" \/>\n<input type=\"hidden\" name=\"_wpcf7_version\" value=\"5.9.6\" \/>\n<input type=\"hidden\" name=\"_wpcf7_locale\" value=\"en_US\" \/>\n<input type=\"hidden\" name=\"_wpcf7_unit_tag\" value=\"wpcf7-f28-o1\" \/>\n<input type=\"hidden\" name=\"_wpcf7_container_post\" value=\"0\" \/>\n<input type=\"hidden\" name=\"_wpcf7_posted_data_hash\" value=\"\" \/>\n<\/div>\n<p><label> Nimi<br \/>\n<span class=\"wpcf7-form-control-wrap\" data-name=\"your-name\"><input size=\"40\" maxlength=\"80\" class=\"wpcf7-form-control wpcf7-text wpcf7-validates-as-required\" aria-required=\"true\" aria-invalid=\"false\" value=\"\" type=\"text\" name=\"your-name\" \/><\/span> <\/label>\n<\/p>\n<p><label> S\u00e4hk\u00f6posti<br \/>\n<span class=\"wpcf7-form-control-wrap\" data-name=\"your-email\"><input size=\"40\" maxlength=\"80\" class=\"wpcf7-form-control wpcf7-email wpcf7-validates-as-required wpcf7-text wpcf7-validates-as-email\" aria-required=\"true\" aria-invalid=\"false\" value=\"\" type=\"email\" name=\"your-email\" \/><\/span> <\/label>\n<\/p>\n<p><label> Puhelinnumero<br \/>\n<span class=\"wpcf7-form-control-wrap\" data-name=\"tel-102\"><input size=\"40\" maxlength=\"80\" class=\"wpcf7-form-control wpcf7-tel wpcf7-text wpcf7-validates-as-tel\" aria-invalid=\"false\" value=\"\" type=\"tel\" name=\"tel-102\" \/><\/span> <\/label>\n<\/p>\n<p>Olen kiinnostunut<br \/>\n<span class=\"wpcf7-form-control-wrap\" data-name=\"menu-775\"><select class=\"wpcf7-form-control wpcf7-select\" aria-invalid=\"false\" name=\"menu-775\"><option value=\"3D-tuotekuvista\">3D-tuotekuvista<\/option><option value=\"Maisemoiduista 3D-tuotekuvista\">Maisemoiduista 3D-tuotekuvista<\/option><option value=\"3D-visualisointi haasteesta\">3D-visualisointi haasteesta<\/option><option value=\"Parannetuista valokuvista\">Parannetuista valokuvista<\/option><option value=\"Graafisesta suunnittelusta\">Graafisesta suunnittelusta<\/option><option value=\"Muista mainostoimistopalveluista\">Muista mainostoimistopalveluista<\/option><\/select><\/span>\n<\/p>\n<p>Haluan yhteydenoton<br \/>\n<span class=\"wpcf7-form-control-wrap\" data-name=\"menu-374\"><select class=\"wpcf7-form-control wpcf7-select\" aria-invalid=\"false\" name=\"menu-374\"><option value=\"S\u00e4hk\u00f6postilla\">S\u00e4hk\u00f6postilla<\/option><option value=\"Puhelimella\">Puhelimella<\/option><\/select><\/span>\n<\/p>\n<p><label> Viesti (optional)<br \/>\n<span class=\"wpcf7-form-control-wrap\" data-name=\"your-message\"><textarea cols=\"40\" rows=\"10\" maxlength=\"400\" class=\"wpcf7-form-control wpcf7-textarea\" aria-invalid=\"false\" name=\"your-message\"><\/textarea><\/span> <\/label>\n<\/p>\n<p><input class=\"wpcf7-form-control wpcf7-submit has-spinner\" type=\"submit\" value=\"L\u00e4het\u00e4\" \/>\n<\/p><div class=\"wpcf7-response-output\" aria-hidden=\"true\"><\/div>\n<\/form>\n<\/div>\n[\/vc_column][\/vc_row][vc_row][vc_column width=&#8221;1\/4&#8243;]<div class='dt-sc-contact-info type7 '><span class='phone'> <\/span><h6>.ssi - IdeaVerkko Oy<\/h6><p>Puh. +358 44 206 2066<\/p>\r\n<p>email: jukka@ideaverkko.net<strong><\/strong><\/p><\/div>[\/vc_column][vc_column width=&#8221;1\/4&#8243;][\/vc_column][vc_column width=&#8221;1\/4&#8243;][\/vc_column][vc_column width=&#8221;1\/4&#8243;][vc_column_text]<\/p>\r\n<p>Seuraa meit\u00e4<\/p>\r\n<p>[\/vc_column_text]<ul class='dt-sc-sociable '><li> <a class='fa fa-linkedin' target='_blank' title='Linkedin' href='https:\/\/www.linkedin.com\/company\/86824132\/admin\/'> <\/a> <\/li><li> <a class='fa fa-instagram' target='_blank' title='Instagram' href='https:\/\/www.instagram.com\/virtanen.jukka\/'> <\/a> <\/li><\/ul>[\/vc_column][\/vc_row]<\/p><\/section>","protected":false},"excerpt":{"rendered":"<p>[vc_row][vc_column][vc_separator color=&#8221;black&#8221; style=&#8221;shadow&#8221; border_width=&#8221;10&#8243; css=&#8221;.vc_custom_1733381584228{margin-top: -80px !important;}&#8221;][vc_column_text css=&#8221;.vc_custom_1733382191238{background-position: center !important;background-repeat: no-repeat !important;background-size: cover !important;}&#8221;] Sales supporting images &#8211; 3D-kuvien visualisointi .ssi-palvelu \u00a0 jalostamme yritykseSI cad-kuvat OSAKSI markkinointia .ssi-palvelu on suunnattu erityisesti yrityksille, joilla omien tuotteiden suunnittelu tehd\u00e4\u00e4n cad-ohjemistolla.T\u00e4t\u00e4 cad-materiaalia jatkojalostamalla voidaan visualisoida n\u00e4ytt\u00e4v\u00e4\u00e4 markkinointimateriaalia 3D-kuvista..ssi on keskittynyt myyvien, fotorealististen kuvien tekemiseen 3D:n avulla. [\/vc_column_text][vc_separator][vc_column_text] Tee [&hellip;]<\/p>\n","protected":false},"author":1,"featured_media":0,"parent":0,"menu_order":0,"comment_status":"closed","ping_status":"closed","template":"tpl-onepage.php","meta":{"footnotes":""},"class_list":["post-11","page","type-page","status-publish","hentry"],"yoast_head":"<!-- This site is optimized with the Yoast SEO plugin v23.0 - https:\/\/yoast.com\/wordpress\/plugins\/seo\/ -->\n<title>.ssi-etusivu - dotssi by Ideaverkko<\/title>\n<meta name=\"description\" content=\"Jalostamme yrityksesi cad-mallinnokset osaksi markkinointia. ssi-palvelu on suunnattu erityisesti yrityksille, joilla omien tuotteiden suunnittelu tehd\u00e4\u00e4n cad-ohjemistolla. ssi on keskittynyt myyvien, fotorealististen kuvien tekemiseen 3D:n avulla\" \/>\n<meta name=\"robots\" content=\"index, follow, max-snippet:-1, max-image-preview:large, max-video-preview:-1\" \/>\n<link rel=\"canonical\" href=\"https:\/\/dotssi.fi\/\" \/>\n<meta property=\"og:locale\" content=\"en_US\" \/>\n<meta property=\"og:type\" content=\"article\" \/>\n<meta property=\"og:title\" content=\".ssi-etusivu - dotssi by Ideaverkko\" \/>\n<meta property=\"og:description\" content=\"Jalostamme yrityksesi cad-mallinnokset osaksi markkinointia. ssi-palvelu on suunnattu erityisesti yrityksille, joilla omien tuotteiden suunnittelu tehd\u00e4\u00e4n cad-ohjemistolla. ssi on keskittynyt myyvien, fotorealististen kuvien tekemiseen 3D:n avulla\" \/>\n<meta property=\"og:url\" content=\"https:\/\/dotssi.fi\/\" \/>\n<meta property=\"og:site_name\" content=\"dotssi by Ideaverkko\" \/>\n<meta property=\"article:modified_time\" content=\"2024-12-05T07:11:10+00:00\" \/>\n<meta property=\"og:image\" content=\"https:\/\/dotssi.fi\/wp-content\/uploads\/2024\/12\/Dotssi_challenge-297x300.jpg\" \/>\n<meta name=\"twitter:card\" content=\"summary_large_image\" \/>\n<meta name=\"twitter:label1\" content=\"Est. reading time\" \/>\n\t<meta name=\"twitter:data1\" content=\"5 minutes\" \/>\n<script type=\"application\/ld+json\" class=\"yoast-schema-graph\">{\"@context\":\"https:\/\/schema.org\",\"@graph\":[{\"@type\":\"WebPage\",\"@id\":\"https:\/\/dotssi.fi\/\",\"url\":\"https:\/\/dotssi.fi\/\",\"name\":\".ssi-etusivu - dotssi by Ideaverkko\",\"isPartOf\":{\"@id\":\"https:\/\/dotssi.fi\/#website\"},\"primaryImageOfPage\":{\"@id\":\"https:\/\/dotssi.fi\/#primaryimage\"},\"image\":{\"@id\":\"https:\/\/dotssi.fi\/#primaryimage\"},\"thumbnailUrl\":\"https:\/\/dotssi.fi\/wp-content\/uploads\/2024\/12\/Dotssi_challenge-297x300.jpg\",\"datePublished\":\"2022-11-26T08:30:43+00:00\",\"dateModified\":\"2024-12-05T07:11:10+00:00\",\"description\":\"Jalostamme yrityksesi cad-mallinnokset osaksi markkinointia. ssi-palvelu on suunnattu erityisesti yrityksille, joilla omien tuotteiden suunnittelu tehd\u00e4\u00e4n cad-ohjemistolla. ssi on keskittynyt myyvien, fotorealististen kuvien tekemiseen 3D:n avulla\",\"breadcrumb\":{\"@id\":\"https:\/\/dotssi.fi\/#breadcrumb\"},\"inLanguage\":\"en-US\",\"potentialAction\":[{\"@type\":\"ReadAction\",\"target\":[\"https:\/\/dotssi.fi\/\"]}]},{\"@type\":\"ImageObject\",\"inLanguage\":\"en-US\",\"@id\":\"https:\/\/dotssi.fi\/#primaryimage\",\"url\":\"https:\/\/dotssi.fi\/wp-content\/uploads\/2024\/12\/Dotssi_challenge.jpg\",\"contentUrl\":\"https:\/\/dotssi.fi\/wp-content\/uploads\/2024\/12\/Dotssi_challenge.jpg\",\"width\":1166,\"height\":1176,\"caption\":\"3D-kuvan teett\u00e4mishaaste\"},{\"@type\":\"BreadcrumbList\",\"@id\":\"https:\/\/dotssi.fi\/#breadcrumb\",\"itemListElement\":[{\"@type\":\"ListItem\",\"position\":1,\"name\":\"Home\",\"item\":\"https:\/\/dotssi.fi\/\"},{\"@type\":\"ListItem\",\"position\":2,\"name\":\".ssi-etusivu\"}]},{\"@type\":\"WebSite\",\"@id\":\"https:\/\/dotssi.fi\/#website\",\"url\":\"https:\/\/dotssi.fi\/\",\"name\":\"dot-ssi by Ideaverkko\",\"description\":\"Ideaverkko - sales supporting images\",\"publisher\":{\"@id\":\"https:\/\/dotssi.fi\/#organization\"},\"alternateName\":\"dotssi\",\"potentialAction\":[{\"@type\":\"SearchAction\",\"target\":{\"@type\":\"EntryPoint\",\"urlTemplate\":\"https:\/\/dotssi.fi\/?s={search_term_string}\"},\"query-input\":\"required name=search_term_string\"}],\"inLanguage\":\"en-US\"},{\"@type\":\"Organization\",\"@id\":\"https:\/\/dotssi.fi\/#organization\",\"name\":\"Ideaverkko\",\"alternateName\":\"Dotssi\",\"url\":\"https:\/\/dotssi.fi\/\",\"logo\":{\"@type\":\"ImageObject\",\"inLanguage\":\"en-US\",\"@id\":\"https:\/\/dotssi.fi\/#\/schema\/logo\/image\/\",\"url\":\"https:\/\/dotssi.fi\/wp-content\/uploads\/2024\/11\/Dotssi_logo_small_24.png\",\"contentUrl\":\"https:\/\/dotssi.fi\/wp-content\/uploads\/2024\/11\/Dotssi_logo_small_24.png\",\"width\":203,\"height\":200,\"caption\":\"Ideaverkko\"},\"image\":{\"@id\":\"https:\/\/dotssi.fi\/#\/schema\/logo\/image\/\"},\"sameAs\":[\"https:\/\/www.linkedin.com\/company\/ideaverkko\/\",\"https:\/\/www.instagram.com\/virtanen.jukka\/\"]}]}<\/script>\n<!-- \/ Yoast SEO plugin. -->","yoast_head_json":{"title":".ssi-etusivu - dotssi by Ideaverkko","description":"Jalostamme yrityksesi cad-mallinnokset osaksi markkinointia. ssi-palvelu on suunnattu erityisesti yrityksille, joilla omien tuotteiden suunnittelu tehd\u00e4\u00e4n cad-ohjemistolla. ssi on keskittynyt myyvien, fotorealististen kuvien tekemiseen 3D:n avulla","robots":{"index":"index","follow":"follow","max-snippet":"max-snippet:-1","max-image-preview":"max-image-preview:large","max-video-preview":"max-video-preview:-1"},"canonical":"https:\/\/dotssi.fi\/","og_locale":"en_US","og_type":"article","og_title":".ssi-etusivu - dotssi by Ideaverkko","og_description":"Jalostamme yrityksesi cad-mallinnokset osaksi markkinointia. ssi-palvelu on suunnattu erityisesti yrityksille, joilla omien tuotteiden suunnittelu tehd\u00e4\u00e4n cad-ohjemistolla. ssi on keskittynyt myyvien, fotorealististen kuvien tekemiseen 3D:n avulla","og_url":"https:\/\/dotssi.fi\/","og_site_name":"dotssi by Ideaverkko","article_modified_time":"2024-12-05T07:11:10+00:00","og_image":[{"url":"https:\/\/dotssi.fi\/wp-content\/uploads\/2024\/12\/Dotssi_challenge-297x300.jpg"}],"twitter_card":"summary_large_image","twitter_misc":{"Est. reading time":"5 minutes"},"schema":{"@context":"https:\/\/schema.org","@graph":[{"@type":"WebPage","@id":"https:\/\/dotssi.fi\/","url":"https:\/\/dotssi.fi\/","name":".ssi-etusivu - dotssi by Ideaverkko","isPartOf":{"@id":"https:\/\/dotssi.fi\/#website"},"primaryImageOfPage":{"@id":"https:\/\/dotssi.fi\/#primaryimage"},"image":{"@id":"https:\/\/dotssi.fi\/#primaryimage"},"thumbnailUrl":"https:\/\/dotssi.fi\/wp-content\/uploads\/2024\/12\/Dotssi_challenge-297x300.jpg","datePublished":"2022-11-26T08:30:43+00:00","dateModified":"2024-12-05T07:11:10+00:00","description":"Jalostamme yrityksesi cad-mallinnokset osaksi markkinointia. ssi-palvelu on suunnattu erityisesti yrityksille, joilla omien tuotteiden suunnittelu tehd\u00e4\u00e4n cad-ohjemistolla. ssi on keskittynyt myyvien, fotorealististen kuvien tekemiseen 3D:n avulla","breadcrumb":{"@id":"https:\/\/dotssi.fi\/#breadcrumb"},"inLanguage":"en-US","potentialAction":[{"@type":"ReadAction","target":["https:\/\/dotssi.fi\/"]}]},{"@type":"ImageObject","inLanguage":"en-US","@id":"https:\/\/dotssi.fi\/#primaryimage","url":"https:\/\/dotssi.fi\/wp-content\/uploads\/2024\/12\/Dotssi_challenge.jpg","contentUrl":"https:\/\/dotssi.fi\/wp-content\/uploads\/2024\/12\/Dotssi_challenge.jpg","width":1166,"height":1176,"caption":"3D-kuvan teett\u00e4mishaaste"},{"@type":"BreadcrumbList","@id":"https:\/\/dotssi.fi\/#breadcrumb","itemListElement":[{"@type":"ListItem","position":1,"name":"Home","item":"https:\/\/dotssi.fi\/"},{"@type":"ListItem","position":2,"name":".ssi-etusivu"}]},{"@type":"WebSite","@id":"https:\/\/dotssi.fi\/#website","url":"https:\/\/dotssi.fi\/","name":"dot-ssi by Ideaverkko","description":"Ideaverkko - sales supporting images","publisher":{"@id":"https:\/\/dotssi.fi\/#organization"},"alternateName":"dotssi","potentialAction":[{"@type":"SearchAction","target":{"@type":"EntryPoint","urlTemplate":"https:\/\/dotssi.fi\/?s={search_term_string}"},"query-input":"required name=search_term_string"}],"inLanguage":"en-US"},{"@type":"Organization","@id":"https:\/\/dotssi.fi\/#organization","name":"Ideaverkko","alternateName":"Dotssi","url":"https:\/\/dotssi.fi\/","logo":{"@type":"ImageObject","inLanguage":"en-US","@id":"https:\/\/dotssi.fi\/#\/schema\/logo\/image\/","url":"https:\/\/dotssi.fi\/wp-content\/uploads\/2024\/11\/Dotssi_logo_small_24.png","contentUrl":"https:\/\/dotssi.fi\/wp-content\/uploads\/2024\/11\/Dotssi_logo_small_24.png","width":203,"height":200,"caption":"Ideaverkko"},"image":{"@id":"https:\/\/dotssi.fi\/#\/schema\/logo\/image\/"},"sameAs":["https:\/\/www.linkedin.com\/company\/ideaverkko\/","https:\/\/www.instagram.com\/virtanen.jukka\/"]}]}},"_links":{"self":[{"href":"https:\/\/dotssi.fi\/index.php\/wp-json\/wp\/v2\/pages\/11","targetHints":{"allow":["GET"]}}],"collection":[{"href":"https:\/\/dotssi.fi\/index.php\/wp-json\/wp\/v2\/pages"}],"about":[{"href":"https:\/\/dotssi.fi\/index.php\/wp-json\/wp\/v2\/types\/page"}],"author":[{"embeddable":true,"href":"https:\/\/dotssi.fi\/index.php\/wp-json\/wp\/v2\/users\/1"}],"replies":[{"embeddable":true,"href":"https:\/\/dotssi.fi\/index.php\/wp-json\/wp\/v2\/comments?post=11"}],"version-history":[{"count":133,"href":"https:\/\/dotssi.fi\/index.php\/wp-json\/wp\/v2\/pages\/11\/revisions"}],"predecessor-version":[{"id":407,"href":"https:\/\/dotssi.fi\/index.php\/wp-json\/wp\/v2\/pages\/11\/revisions\/407"}],"wp:attachment":[{"href":"https:\/\/dotssi.fi\/index.php\/wp-json\/wp\/v2\/media?parent=11"}],"curies":[{"name":"wp","href":"https:\/\/api.w.org\/{rel}","templated":true}]}}