{"id":208,"date":"2022-11-30T17:25:57","date_gmt":"2022-11-30T17:25:57","guid":{"rendered":"https:\/\/dotssi.fi\/?page_id=208"},"modified":"2024-12-11T16:47:32","modified_gmt":"2024-12-11T16:47:32","slug":"portfolio","status":"publish","type":"page","link":"https:\/\/dotssi.fi\/index.php\/portfolio\/","title":{"rendered":".SSI-kuvia"},"content":{"rendered":"\n<div class=\"wp-block-columns is-layout-flex wp-container-core-columns-is-layout-9d6595d7 wp-block-columns-is-layout-flex\">\n<div class=\"wp-block-column is-layout-flow wp-block-column-is-layout-flow\" style=\"flex-basis:50%\">\n<p>Alta l\u00f6yd\u00e4t sek\u00e4 studiomaiset ett\u00e4 maisemoidut 3D-kuvat. Suurin osa niist\u00e4 on asiakast\u00f6it\u00e4, joskin joukossa on my\u00f6s kynnyksen ylitt\u00e4neit\u00e4 omia tutkielmia. Asiakasty\u00f6n\u00e4 tehhtyjen kuvien l\u00e4ht\u00f6kohtana on kaikissa kuvissa ollut asiakkaan suunnitteluosaston oma mallinnos.<\/p>\n<\/div>\n\n\n\n<div class=\"wp-block-column is-layout-flow wp-block-column-is-layout-flow\" style=\"flex-basis:50%\"><\/div>\n<\/div>\n","protected":false},"excerpt":{"rendered":"<p>Alta l\u00f6yd\u00e4t sek\u00e4 studiomaiset ett\u00e4 maisemoidut 3D-kuvat. Suurin osa niist\u00e4 on asiakast\u00f6it\u00e4, joskin joukossa on my\u00f6s kynnyksen ylitt\u00e4neit\u00e4 omia tutkielmia. Asiakasty\u00f6n\u00e4 tehhtyjen kuvien l\u00e4ht\u00f6kohtana on kaikissa kuvissa ollut asiakkaan suunnitteluosaston oma mallinnos.<\/p>\n","protected":false},"author":1,"featured_media":0,"parent":0,"menu_order":0,"comment_status":"closed","ping_status":"closed","template":"tpl-portfolio.php","meta":{"footnotes":""},"class_list":["post-208","page","type-page","status-publish","hentry"],"yoast_head":"<!-- This site is optimized with the Yoast SEO plugin v23.0 - https:\/\/yoast.com\/wordpress\/plugins\/seo\/ -->\n<title>.SSI-kuvia - dotssi by Ideaverkko<\/title>\n<meta name=\"description\" content=\"SSI - sales supporting images, on Ideaverkon palvelu myynti\u00e4 tukevien kuvien tekemiseen. Tutustu kuviin ja kysy lis\u00e4\u00e4.\" \/>\n<meta name=\"robots\" content=\"index, follow, max-snippet:-1, max-image-preview:large, max-video-preview:-1\" \/>\n<link rel=\"canonical\" href=\"https:\/\/dotssi.fi\/index.php\/portfolio\/\" \/>\n<meta property=\"og:locale\" content=\"en_US\" \/>\n<meta property=\"og:type\" content=\"article\" \/>\n<meta property=\"og:title\" content=\".SSI-kuvia - dotssi by Ideaverkko\" \/>\n<meta property=\"og:description\" content=\"SSI - sales supporting images, on Ideaverkon palvelu myynti\u00e4 tukevien kuvien tekemiseen. Tutustu kuviin ja kysy lis\u00e4\u00e4.\" \/>\n<meta property=\"og:url\" content=\"https:\/\/dotssi.fi\/index.php\/portfolio\/\" \/>\n<meta property=\"og:site_name\" content=\"dotssi by Ideaverkko\" \/>\n<meta property=\"article:modified_time\" content=\"2024-12-11T16:47:32+00:00\" \/>\n<meta name=\"twitter:card\" content=\"summary_large_image\" \/>\n<meta name=\"twitter:label1\" content=\"Est. reading time\" \/>\n\t<meta name=\"twitter:data1\" content=\"1 minute\" \/>\n<script type=\"application\/ld+json\" class=\"yoast-schema-graph\">{\"@context\":\"https:\/\/schema.org\",\"@graph\":[{\"@type\":\"WebPage\",\"@id\":\"https:\/\/dotssi.fi\/index.php\/portfolio\/\",\"url\":\"https:\/\/dotssi.fi\/index.php\/portfolio\/\",\"name\":\".SSI-kuvia - dotssi by Ideaverkko\",\"isPartOf\":{\"@id\":\"https:\/\/dotssi.fi\/#website\"},\"datePublished\":\"2022-11-30T17:25:57+00:00\",\"dateModified\":\"2024-12-11T16:47:32+00:00\",\"description\":\"SSI - sales supporting images, on Ideaverkon palvelu myynti\u00e4 tukevien kuvien tekemiseen. Tutustu kuviin ja kysy lis\u00e4\u00e4.\",\"breadcrumb\":{\"@id\":\"https:\/\/dotssi.fi\/index.php\/portfolio\/#breadcrumb\"},\"inLanguage\":\"en-US\",\"potentialAction\":[{\"@type\":\"ReadAction\",\"target\":[\"https:\/\/dotssi.fi\/index.php\/portfolio\/\"]}]},{\"@type\":\"BreadcrumbList\",\"@id\":\"https:\/\/dotssi.fi\/index.php\/portfolio\/#breadcrumb\",\"itemListElement\":[{\"@type\":\"ListItem\",\"position\":1,\"name\":\"Home\",\"item\":\"https:\/\/dotssi.fi\/\"},{\"@type\":\"ListItem\",\"position\":2,\"name\":\".SSI-kuvia\"}]},{\"@type\":\"WebSite\",\"@id\":\"https:\/\/dotssi.fi\/#website\",\"url\":\"https:\/\/dotssi.fi\/\",\"name\":\"dot-ssi by Ideaverkko\",\"description\":\"Ideaverkko - sales supporting images\",\"publisher\":{\"@id\":\"https:\/\/dotssi.fi\/#organization\"},\"alternateName\":\"dotssi\",\"potentialAction\":[{\"@type\":\"SearchAction\",\"target\":{\"@type\":\"EntryPoint\",\"urlTemplate\":\"https:\/\/dotssi.fi\/?s={search_term_string}\"},\"query-input\":\"required name=search_term_string\"}],\"inLanguage\":\"en-US\"},{\"@type\":\"Organization\",\"@id\":\"https:\/\/dotssi.fi\/#organization\",\"name\":\"Ideaverkko\",\"alternateName\":\"Dotssi\",\"url\":\"https:\/\/dotssi.fi\/\",\"logo\":{\"@type\":\"ImageObject\",\"inLanguage\":\"en-US\",\"@id\":\"https:\/\/dotssi.fi\/#\/schema\/logo\/image\/\",\"url\":\"https:\/\/dotssi.fi\/wp-content\/uploads\/2024\/11\/Dotssi_logo_small_24.png\",\"contentUrl\":\"https:\/\/dotssi.fi\/wp-content\/uploads\/2024\/11\/Dotssi_logo_small_24.png\",\"width\":203,\"height\":200,\"caption\":\"Ideaverkko\"},\"image\":{\"@id\":\"https:\/\/dotssi.fi\/#\/schema\/logo\/image\/\"},\"sameAs\":[\"https:\/\/www.linkedin.com\/company\/ideaverkko\/\",\"https:\/\/www.instagram.com\/virtanen.jukka\/\"]}]}<\/script>\n<!-- \/ Yoast SEO plugin. -->","yoast_head_json":{"title":".SSI-kuvia - dotssi by Ideaverkko","description":"SSI - sales supporting images, on Ideaverkon palvelu myynti\u00e4 tukevien kuvien tekemiseen. Tutustu kuviin ja kysy lis\u00e4\u00e4.","robots":{"index":"index","follow":"follow","max-snippet":"max-snippet:-1","max-image-preview":"max-image-preview:large","max-video-preview":"max-video-preview:-1"},"canonical":"https:\/\/dotssi.fi\/index.php\/portfolio\/","og_locale":"en_US","og_type":"article","og_title":".SSI-kuvia - dotssi by Ideaverkko","og_description":"SSI - sales supporting images, on Ideaverkon palvelu myynti\u00e4 tukevien kuvien tekemiseen. Tutustu kuviin ja kysy lis\u00e4\u00e4.","og_url":"https:\/\/dotssi.fi\/index.php\/portfolio\/","og_site_name":"dotssi by Ideaverkko","article_modified_time":"2024-12-11T16:47:32+00:00","twitter_card":"summary_large_image","twitter_misc":{"Est. reading time":"1 minute"},"schema":{"@context":"https:\/\/schema.org","@graph":[{"@type":"WebPage","@id":"https:\/\/dotssi.fi\/index.php\/portfolio\/","url":"https:\/\/dotssi.fi\/index.php\/portfolio\/","name":".SSI-kuvia - dotssi by Ideaverkko","isPartOf":{"@id":"https:\/\/dotssi.fi\/#website"},"datePublished":"2022-11-30T17:25:57+00:00","dateModified":"2024-12-11T16:47:32+00:00","description":"SSI - sales supporting images, on Ideaverkon palvelu myynti\u00e4 tukevien kuvien tekemiseen. Tutustu kuviin ja kysy lis\u00e4\u00e4.","breadcrumb":{"@id":"https:\/\/dotssi.fi\/index.php\/portfolio\/#breadcrumb"},"inLanguage":"en-US","potentialAction":[{"@type":"ReadAction","target":["https:\/\/dotssi.fi\/index.php\/portfolio\/"]}]},{"@type":"BreadcrumbList","@id":"https:\/\/dotssi.fi\/index.php\/portfolio\/#breadcrumb","itemListElement":[{"@type":"ListItem","position":1,"name":"Home","item":"https:\/\/dotssi.fi\/"},{"@type":"ListItem","position":2,"name":".SSI-kuvia"}]},{"@type":"WebSite","@id":"https:\/\/dotssi.fi\/#website","url":"https:\/\/dotssi.fi\/","name":"dot-ssi by Ideaverkko","description":"Ideaverkko - sales supporting images","publisher":{"@id":"https:\/\/dotssi.fi\/#organization"},"alternateName":"dotssi","potentialAction":[{"@type":"SearchAction","target":{"@type":"EntryPoint","urlTemplate":"https:\/\/dotssi.fi\/?s={search_term_string}"},"query-input":"required name=search_term_string"}],"inLanguage":"en-US"},{"@type":"Organization","@id":"https:\/\/dotssi.fi\/#organization","name":"Ideaverkko","alternateName":"Dotssi","url":"https:\/\/dotssi.fi\/","logo":{"@type":"ImageObject","inLanguage":"en-US","@id":"https:\/\/dotssi.fi\/#\/schema\/logo\/image\/","url":"https:\/\/dotssi.fi\/wp-content\/uploads\/2024\/11\/Dotssi_logo_small_24.png","contentUrl":"https:\/\/dotssi.fi\/wp-content\/uploads\/2024\/11\/Dotssi_logo_small_24.png","width":203,"height":200,"caption":"Ideaverkko"},"image":{"@id":"https:\/\/dotssi.fi\/#\/schema\/logo\/image\/"},"sameAs":["https:\/\/www.linkedin.com\/company\/ideaverkko\/","https:\/\/www.instagram.com\/virtanen.jukka\/"]}]}},"_links":{"self":[{"href":"https:\/\/dotssi.fi\/index.php\/wp-json\/wp\/v2\/pages\/208","targetHints":{"allow":["GET"]}}],"collection":[{"href":"https:\/\/dotssi.fi\/index.php\/wp-json\/wp\/v2\/pages"}],"about":[{"href":"https:\/\/dotssi.fi\/index.php\/wp-json\/wp\/v2\/types\/page"}],"author":[{"embeddable":true,"href":"https:\/\/dotssi.fi\/index.php\/wp-json\/wp\/v2\/users\/1"}],"replies":[{"embeddable":true,"href":"https:\/\/dotssi.fi\/index.php\/wp-json\/wp\/v2\/comments?post=208"}],"version-history":[{"count":6,"href":"https:\/\/dotssi.fi\/index.php\/wp-json\/wp\/v2\/pages\/208\/revisions"}],"predecessor-version":[{"id":339,"href":"https:\/\/dotssi.fi\/index.php\/wp-json\/wp\/v2\/pages\/208\/revisions\/339"}],"wp:attachment":[{"href":"https:\/\/dotssi.fi\/index.php\/wp-json\/wp\/v2\/media?parent=208"}],"curies":[{"name":"wp","href":"https:\/\/api.w.org\/{rel}","templated":true}]}}