{"id":347,"date":"2023-03-14T08:06:37","date_gmt":"2023-03-14T08:06:37","guid":{"rendered":"https:\/\/dotssi.fi\/?page_id=347"},"modified":"2024-12-05T09:09:00","modified_gmt":"2024-12-05T09:09:00","slug":"referenssit","status":"publish","type":"page","link":"https:\/\/dotssi.fi\/index.php\/referenssit\/","title":{"rendered":"ASIAKKAIDEN SANOMAA"},"content":{"rendered":"<section class=\"wpb-content-wrapper\"><p>[vc_row][vc_column][vc_column_text]<\/p>\n<h3>Lanseerauskuvat<br \/>Hutek Oy:lle<\/h3>\n<p><!-- \/wp:post-content -->\u00a0<\/p>\n<!-- wp:columns -->\n<div class=\"wp-block-columns\"><!-- wp:column {\"width\":\"50%\"} -->\n<div class=\"wp-block-column\" style=\"flex-basis: 50%;\">\n<!-- wp:paragraph \/-->\n<p><!-- wp:paragraph --><em>\u201dYhteisty\u00f6 IdeaVerkon kanssa oli koko projektimme ajan mutkatonta, nopeaa ja hinta-laatusuhteeltaan eritt\u00e4in hyv\u00e4\u00e4.<\/em><\/p>\n<!-- \/wp:paragraph -->\n<p><!-- wp:paragraph --><em>Jukka sai nopeasti kiinni ajatuksesta, jota halusimme 3D- kuvilla ilment\u00e4\u00e4 ja lopputulokseen olemme eritt\u00e4in tyytyv\u00e4isi\u00e4.<\/em><\/p>\n<!-- \/wp:paragraph -->\n<p><!-- wp:paragraph --><em>Hyv\u00e4\u00e4 on helppo suositella ja IdeaVerkolle annamme vahvan suosituksen\u201d.<\/em><\/p>\n<!-- \/wp:paragraph --><br \/><!-- wp:paragraph \/-->\n<p><!-- wp:paragraph -->Sari Joukainen, myyntip\u00e4\u00e4llikk\u00f6<br \/>Hutek Oy<\/p>\n<!-- \/wp:paragraph -->\n<\/div>\n<!-- \/wp:column --><br \/><!-- wp:column {\"width\":\"50%\"} -->\n<div class=\"wp-block-column\" style=\"flex-basis: 50%;\"><!-- wp:image {\"id\":348,\"sizeSlug\":\"full\",\"linkDestination\":\"none\"} -->\n<h6 class=\"wp-block-image size-full\" style=\"text-align: center;\"><img loading=\"lazy\" decoding=\"async\" width=\"1000\" height=\"562\" class=\"wp-image-348\" src=\"https:\/\/dotssi.fi\/wp-content\/uploads\/2023\/03\/NovogoldMini_huoltoas_low.jpg\" alt=\"\" srcset=\"https:\/\/dotssi.fi\/wp-content\/uploads\/2023\/03\/NovogoldMini_huoltoas_low.jpg 1000w, https:\/\/dotssi.fi\/wp-content\/uploads\/2023\/03\/NovogoldMini_huoltoas_low-300x169.jpg 300w, https:\/\/dotssi.fi\/wp-content\/uploads\/2023\/03\/NovogoldMini_huoltoas_low-768x432.jpg 768w\" sizes=\"auto, (max-width: 1000px) 100vw, 1000px\" \/><\/h6>\n<p style=\"text-align: center;\">NovoCold Mini -annostelija huoltoasemaymp\u00e4rist\u00f6ss\u00e4.<\/p>\n<!-- \/wp:image -->\n<\/div>\n<!-- \/wp:column -->\n<\/div>\n<p><!-- \/wp:columns -->\u00a0<\/p>\n<p><!-- wp:separator {\"className\":\"is-style-wide\"} \/-->\u00a0<\/p>\n<!-- wp:columns -->\n<div class=\"wp-block-columns\"><!-- wp:column {\"width\":\"50%\"} -->\n<div class=\"wp-block-column\" style=\"flex-basis: 50%;\"><!-- wp:heading {\"level\":3} --><\/div>\n<\/div>\n<p>[\/vc_column_text][vc_separator color=&#8221;white&#8221; style=&#8221;shadow&#8221; border_width=&#8221;4&#8243;][vc_column_text]<\/p>\n<div class=\"wp-block-columns\">\n<div class=\"wp-block-column\" style=\"flex-basis: 50%;\">\n<h3 class=\"wp-block-heading\">Tuote- ja sovelluskuvat<br \/>\nblack Bruin Oy:lle<\/h3>\n<p><!-- \/wp:heading --><!-- wp:paragraph -->&#8220;<em>Kent\u00e4lt\u00e4 kantautuneen hyv\u00e4n palautteen perusteella aloitimme yhteisty\u00f6n Jukan kanssa muutamien tuotteiden 3D-kuvista.<\/em><\/p>\n<p><!-- \/wp:paragraph --><!-- wp:paragraph --><em>Sittemmin yhteisty\u00f6n\u00e4 on tehty my\u00f6s k\u00e4ytt\u00f6kohteiden visualisointia ja j\u00e4lki on ollut erinomaista.<\/em><\/p>\n<p><!-- \/wp:paragraph --><!-- wp:paragraph --><em>Tyylikk\u00e4iden kuvien lis\u00e4ksi ehdottomia plussia ovat kommunikoinnin helppous ja t\u00f6iden nopea valmistuminen.<\/em><\/p>\n<p><!-- \/wp:paragraph --><!-- wp:paragraph --><em>Usein projekti saadaan alkuun puhelinsoitolla ja ensimm\u00e4iset vedokset ovat valmiina jo samana p\u00e4iv\u00e4n\u00e4.<\/em><\/p>\n<p><!-- \/wp:paragraph --><!-- wp:paragraph --><em>Yhteisty\u00f6 on tuonut mukanaan my\u00f6s paljon uusia ideoita ja n\u00e4kemyst\u00e4 kuvien k\u00e4ytt\u00f6tavoista sek\u00e4 digiss\u00e4 ett\u00e4 printiss\u00e4.<\/em><\/p>\n<p><!-- \/wp:paragraph --><!-- wp:paragraph --><em>Vahva suositus, 6\/5.<\/em>&#8220;<\/p>\n<p><!-- \/wp:paragraph --><!-- wp:paragraph \/--><!-- wp:paragraph -->Pasi Kokkinen, markkinointip\u00e4\u00e4llikk\u00f6<br \/>\nBlack Bruin Oy<\/p>\n<p><!-- \/wp:paragraph --><\/div>\n<p><!-- \/wp:column --><br \/>\n<!-- wp:column {\"width\":\"50%\"} --><\/p>\n<div class=\"wp-block-column\" style=\"flex-basis: 50%;\"><!-- wp:image {\"id\":349,\"sizeSlug\":\"large\",\"linkDestination\":\"none\"} -->\n<h6 class=\"wp-block-image size-large\" style=\"text-align: center;\"><img loading=\"lazy\" decoding=\"async\" width=\"1024\" height=\"756\" class=\"wp-image-349\" src=\"https:\/\/dotssi.fi\/wp-content\/uploads\/2023\/03\/Iso-merivinssi_7verkko-1024x756.png\" alt=\"\" srcset=\"https:\/\/dotssi.fi\/wp-content\/uploads\/2023\/03\/Iso-merivinssi_7verkko-1024x756.png 1024w, https:\/\/dotssi.fi\/wp-content\/uploads\/2023\/03\/Iso-merivinssi_7verkko-300x221.png 300w, https:\/\/dotssi.fi\/wp-content\/uploads\/2023\/03\/Iso-merivinssi_7verkko-768x567.png 768w, https:\/\/dotssi.fi\/wp-content\/uploads\/2023\/03\/Iso-merivinssi_7verkko-1536x1134.png 1536w, https:\/\/dotssi.fi\/wp-content\/uploads\/2023\/03\/Iso-merivinssi_7verkko.png 2000w\" sizes=\"auto, (max-width: 1024px) 100vw, 1024px\" \/>Hydraulimoottorin k\u00e4ytt\u00f6 isossa merivinssiss\u00e4.<\/h6>\n<\/div>\n<\/div>\n<p>[\/vc_column_text][vc_separator color=&#8221;black&#8221; style=&#8221;shadow&#8221; border_width=&#8221;4&#8243;][vc_column_text]<\/p>\n<div class=\"wp-block-columns\">\n<div class=\"wp-block-column\" style=\"flex-basis: 50%;\"><\/div>\n<\/div>\n<div class=\"wp-block-columns\">\n<div class=\"wp-block-column\" style=\"flex-basis: 50%;\">\n<h3 class=\"wp-block-heading\">TOiminnallisuuden esittelykuvitus<br \/>\nSAMPO-Rosenlew Oy:lle<\/h3>\n<p><!-- \/wp:image --><!-- wp:paragraph --><em>\u201dLeikkuupuimurissa on t\u00e4rke\u00e4\u00e4 n\u00e4ytt\u00e4\u00e4 miten puintitapahtuma tapahtuu koneistossa sis\u00e4ll\u00e4. 3D kuvat havainnollistavat t\u00e4m\u00e4n parhaiten. Jukalle oli helppo selvitt\u00e4\u00e4 mink\u00e4laista haetaan ja lopputulos oli todella hyv\u00e4 ja informatiivinen. Toimitusvarmuuteen ja nopeaan palveluun olin todella tyytyv\u00e4inen\u201d<\/em><\/p>\n<p><!-- \/wp:paragraph --><!-- wp:paragraph \/--><!-- wp:paragraph -->Kim D\u00f6fn\u00e4s, Markkinointi- ja aluep\u00e4\u00e4llikk\u00f6<br \/>\nSampo-Rosenlew Oy<\/p>\n<p><!-- \/wp:paragraph --><\/div>\n<p><!-- \/wp:column --><br \/>\n<!-- wp:column {\"width\":\"50%\"} --><\/p>\n<div class=\"wp-block-column\" style=\"flex-basis: 50%;\"><!-- wp:image {\"id\":372,\"sizeSlug\":\"large\",\"linkDestination\":\"none\"} -->\n<h6 class=\"wp-block-image size-large\" style=\"text-align: center;\"><img loading=\"lazy\" decoding=\"async\" width=\"1024\" height=\"823\" class=\"wp-image-372\" src=\"https:\/\/dotssi.fi\/wp-content\/uploads\/2024\/11\/c12_ilmavirrat_iso-1024x823.png\" alt=\"\" srcset=\"https:\/\/dotssi.fi\/wp-content\/uploads\/2024\/11\/c12_ilmavirrat_iso-1024x823.png 1024w, https:\/\/dotssi.fi\/wp-content\/uploads\/2024\/11\/c12_ilmavirrat_iso-300x241.png 300w, https:\/\/dotssi.fi\/wp-content\/uploads\/2024\/11\/c12_ilmavirrat_iso-768x617.png 768w, https:\/\/dotssi.fi\/wp-content\/uploads\/2024\/11\/c12_ilmavirrat_iso-1536x1234.png 1536w, https:\/\/dotssi.fi\/wp-content\/uploads\/2024\/11\/c12_ilmavirrat_iso-2048x1645.png 2048w, https:\/\/dotssi.fi\/wp-content\/uploads\/2024\/11\/c12_ilmavirrat_iso-150x120.png 150w\" sizes=\"auto, (max-width: 1024px) 100vw, 1024px\" \/>Ilmavirran kulku Sampo Rosenlewin puimuriss<\/h6>\n<p><!-- \/wp:image --><\/div>\n<p><!-- \/wp:column --><\/div>\n<p><!-- \/wp:columns --><!-- wp:separator {\"className\":\"is-style-wide\"} \/-->[\/vc_column_text][vc_separator color=&#8221;black&#8221; style=&#8221;shadow&#8221; border_width=&#8221;4&#8243;][vc_column_text]<\/p>\n<div class=\"wp-block-columns\">\n<div class=\"wp-block-column\" style=\"flex-basis: 50%;\">\n<h3 class=\"wp-block-heading\">3D-tuotekuvat<br \/>\nEL-HO Oy AB:lle<\/h3>\n<p><!-- \/wp:heading --><!-- wp:paragraph --><em>\u201dAina nopeita ja laadukkaita 3D-kuvat IdeaVerkolta. Kun minulla on ollut ideat hukassa, olen pystynyt Jukan kanssa ammattimaisesti pallotella ideoita. H\u00e4n on osannut hyvin perehty\u00e4 meid\u00e4n tarpeisiimme. Silloin kun vain paras on kyllin hyv\u00e4, pyydet\u00e4 apua IdeaVerkolta. Jukalta saat mit\u00e4 tilaat.\u201d<\/em><\/p>\n<p><!-- \/wp:paragraph --><!-- wp:paragraph --><!-- \/wp:paragraph --><!-- wp:paragraph -->Johannes Nyman, markkinointikoordinaattori<br \/>\nEl-Ho Oy Ab<\/p>\n<p><!-- \/wp:paragraph --><\/div>\n<p><!-- \/wp:column --><br \/>\n<!-- wp:column {\"width\":\"50%\"} --><\/p>\n<div class=\"wp-block-column\" style=\"flex-basis: 50%;\"><!-- wp:image {\"id\":373,\"sizeSlug\":\"large\",\"linkDestination\":\"none\"} -->\n<h6 class=\"wp-block-image size-large\" style=\"text-align: center;\"><img loading=\"lazy\" decoding=\"async\" width=\"1024\" height=\"576\" class=\"wp-image-373\" src=\"https:\/\/dotssi.fi\/wp-content\/uploads\/2024\/11\/1ELHO_540_paalinkaantaja-1024x576.png\" alt=\"\" srcset=\"https:\/\/dotssi.fi\/wp-content\/uploads\/2024\/11\/1ELHO_540_paalinkaantaja-1024x576.png 1024w, https:\/\/dotssi.fi\/wp-content\/uploads\/2024\/11\/1ELHO_540_paalinkaantaja-300x169.png 300w, https:\/\/dotssi.fi\/wp-content\/uploads\/2024\/11\/1ELHO_540_paalinkaantaja-768x432.png 768w, https:\/\/dotssi.fi\/wp-content\/uploads\/2024\/11\/1ELHO_540_paalinkaantaja.png 1134w\" sizes=\"auto, (max-width: 1024px) 100vw, 1024px\" \/>ELHO 1540 Sideliner -paalink\u00e4\u00e4rin<\/h6>\n<p><!-- \/wp:image --><\/div>\n<p><!-- \/wp:column --><\/div>\n<p><!-- \/wp:columns --><br \/>\n<!-- wp:separator {\"className\":\"is-style-wide\"} --><!-- \/wp:separator --><br \/>\n<!-- wp:columns --><\/p>\n<div class=\"wp-block-columns\"><!-- wp:column {\"width\":\"50%\"} -->\n<div class=\"wp-block-column\" style=\"flex-basis: 50%;\"><!-- wp:heading {\"level\":3} --><\/div>\n<\/div>\n<p><!-- \/wp:paragraph -->[\/vc_column_text][vc_separator color=&#8221;black&#8221; style=&#8221;shadow&#8221; border_width=&#8221;4&#8243;][vc_column_text]<\/p>\n<div class=\"wp-block-columns\">\n<div class=\"wp-block-column\" style=\"flex-basis: 50%;\">\n<h3 class=\"wp-block-heading\">3D-KUVIA JA MAINONTAA<br \/>GO-PARTS Oy AB:lle<\/h3>\n<!-- \/wp:heading -->\n<p><!-- wp:paragraph -->Kun tulee tarvetta viimeisen p\u00e4\u00e4lle laadukkaalle graafiselle suunnittelulle, niin suosittelen kokemuksella ja l\u00e4mpim\u00e4sti ett\u00e4 otat yhteytt\u00e4 Jukka Virtanen &amp; Ideaverkkoon.<\/p>\n<!-- \/wp:paragraph -->\n<p><!-- wp:paragraph -->Jukan tapa tehd\u00e4 asioita laadukkaasti ja nopeasti asiakkaan toiveita kunnioittaen, johtaa aina viel\u00e4 parempaan lopputulokseen kuin olimme etuk\u00e4teen uskaltaneet toivoa.<\/p>\n<!-- \/wp:paragraph -->\n<p><!-- wp:paragraph -->Jukan kanssa on vuosien varrella yhdess\u00e4 suunniteltu, tehty ja toteutettu logoja, etikettej\u00e4, tarroja, tuotekatalogeja, tiimiesitteit\u00e4, henkil\u00f6kortteja, tuotekuvia, pakkauksia, asusteita, 3D-tuotekuvia, 3D-animaatioita jne jne<\/p>\n<!-- \/wp:paragraph -->\n<p><!-- wp:paragraph -->Yleens\u00e4 kertavedolla kaikki purkkiin, kun on vain riitt\u00e4v\u00e4t l\u00e4ht\u00f6tiedot ja suuntaviivat olemassa.<\/p>\n<!-- \/wp:paragraph -->\n<p><!-- wp:paragraph -->Olkaa Hyv\u00e4t, Jukka on k\u00e4ytett\u00e4viss\u00e4nne aina pyynn\u00f6st\u00e4nne! \ud83d\ude0e\ud83d\udc4c\ud83c\udffb<\/p>\n<!-- \/wp:paragraph -->\n<p><!-- wp:paragraph -->Jukka on alansa ehdoton Obi-Wan Kenobi!<\/p>\n<!-- \/wp:paragraph -->\n<p><!-- wp:paragraph -->Olkoon Voima Kanssanne \ud83d\ude0e\ud83d\udc4c\ud83c\udffb<\/p>\n<!-- \/wp:paragraph -->\n<!-- wp:paragraph --><!-- \/wp:paragraph -->\n<p><!-- wp:paragraph -->Jani Kohonen, toimitusjohtaja<br \/>Go-Parts Oy<\/p>\n<p><!-- \/wp:paragraph --><\/div>\n<!-- \/wp:column --><br \/><!-- wp:column {\"width\":\"50%\"} -->\n<div class=\"wp-block-column\" style=\"flex-basis: 50%;\"><!-- wp:image {\"id\":374,\"sizeSlug\":\"large\",\"linkDestination\":\"none\"} -->\n<h6 class=\"wp-block-image size-large\" style=\"text-align: center;\"><img loading=\"lazy\" decoding=\"async\" width=\"1024\" height=\"662\" class=\"wp-image-374\" src=\"https:\/\/dotssi.fi\/wp-content\/uploads\/2024\/11\/GoProtect_main-1024x662.png\" alt=\"\" srcset=\"https:\/\/dotssi.fi\/wp-content\/uploads\/2024\/11\/GoProtect_main-1024x662.png 1024w, https:\/\/dotssi.fi\/wp-content\/uploads\/2024\/11\/GoProtect_main-300x194.png 300w, https:\/\/dotssi.fi\/wp-content\/uploads\/2024\/11\/GoProtect_main-768x496.png 768w, https:\/\/dotssi.fi\/wp-content\/uploads\/2024\/11\/GoProtect_main-1536x992.png 1536w, https:\/\/dotssi.fi\/wp-content\/uploads\/2024\/11\/GoProtect_main-2048x1323.png 2048w\" sizes=\"auto, (max-width: 1024px) 100vw, 1024px\" \/><br \/>GoProtect-kampanjan p\u00e4\u00e4kuva<\/h6>\n<p>&nbsp;<\/p>\n<p><!-- \/wp:paragraph --><!-- \/wp:image --><\/div>\n<p><!-- \/wp:column --><\/div>\n<!-- \/wp:columns -->\n<!-- wp:separator {\"className\":\"is-style-wide\"} -->\n<p>&nbsp;<\/p>\n<p>[\/vc_column_text][vc_separator color=&#8221;black&#8221; style=&#8221;shadow&#8221; border_width=&#8221;4&#8243;][vc_column_text]<\/p>\n<p>Lis\u00e4\u00e4 referenssej\u00e4 l\u00f6ytyy <a href=\"https:\/\/referenssipalvelu.fi\/dotssi\">referenssipalvelu.fi<\/a> -sivuilta<\/p>\n<p><a href=\"https:\/\/referenssipalvelu.fi\/dotssi\"><img loading=\"lazy\" decoding=\"async\" class=\"alignnone wp-image-408\" src=\"https:\/\/dotssi.fi\/wp-content\/uploads\/2024\/12\/Dotssi_lue-lisaa-300x61.png\" alt=\"\" width=\"160\" height=\"39\" \/><\/a><\/p>\n<p>[\/vc_column_text][\/vc_column][\/vc_row]<\/p>\n<\/section>","protected":false},"excerpt":{"rendered":"<p>[vc_row][vc_column][vc_column_text] LanseerauskuvatHutek Oy:lle \u00a0 \u201dYhteisty\u00f6 IdeaVerkon kanssa oli koko projektimme ajan mutkatonta, nopeaa ja hinta-laatusuhteeltaan eritt\u00e4in hyv\u00e4\u00e4. Jukka sai nopeasti kiinni ajatuksesta, jota halusimme 3D- kuvilla ilment\u00e4\u00e4 ja lopputulokseen olemme eritt\u00e4in tyytyv\u00e4isi\u00e4. Hyv\u00e4\u00e4 on helppo suositella ja IdeaVerkolle annamme vahvan suosituksen\u201d. Sari Joukainen, myyntip\u00e4\u00e4llikk\u00f6Hutek Oy NovoCold Mini -annostelija huoltoasemaymp\u00e4rist\u00f6ss\u00e4. \u00a0 \u00a0 [\/vc_column_text][vc_separator color=&#8221;white&#8221; style=&#8221;shadow&#8221; border_width=&#8221;4&#8243;][vc_column_text] [&hellip;]<\/p>\n","protected":false},"author":1,"featured_media":0,"parent":0,"menu_order":3,"comment_status":"closed","ping_status":"closed","template":"","meta":{"footnotes":""},"class_list":["post-347","page","type-page","status-publish","hentry"],"yoast_head":"<!-- This site is optimized with the Yoast SEO plugin v23.0 - https:\/\/yoast.com\/wordpress\/plugins\/seo\/ -->\n<title>ASIAKKAIDEN SANOMAA - dotssi by Ideaverkko<\/title>\n<meta name=\"robots\" content=\"index, follow, max-snippet:-1, max-image-preview:large, max-video-preview:-1\" \/>\n<link rel=\"canonical\" href=\"https:\/\/dotssi.fi\/index.php\/referenssit\/\" \/>\n<meta property=\"og:locale\" content=\"en_US\" \/>\n<meta property=\"og:type\" content=\"article\" \/>\n<meta property=\"og:title\" content=\"ASIAKKAIDEN SANOMAA - dotssi by Ideaverkko\" \/>\n<meta property=\"og:description\" content=\"[vc_row][vc_column][vc_column_text] LanseerauskuvatHutek Oy:lle \u00a0 \u201dYhteisty\u00f6 IdeaVerkon kanssa oli koko projektimme ajan mutkatonta, nopeaa ja hinta-laatusuhteeltaan eritt\u00e4in hyv\u00e4\u00e4. Jukka sai nopeasti kiinni ajatuksesta, jota halusimme 3D- kuvilla ilment\u00e4\u00e4 ja lopputulokseen olemme eritt\u00e4in tyytyv\u00e4isi\u00e4. Hyv\u00e4\u00e4 on helppo suositella ja IdeaVerkolle annamme vahvan suosituksen\u201d. Sari Joukainen, myyntip\u00e4\u00e4llikk\u00f6Hutek Oy NovoCold Mini -annostelija huoltoasemaymp\u00e4rist\u00f6ss\u00e4. \u00a0 \u00a0 [\/vc_column_text][vc_separator color=&#8221;white&#8221; style=&#8221;shadow&#8221; border_width=&#8221;4&#8243;][vc_column_text] [&hellip;]\" \/>\n<meta property=\"og:url\" content=\"https:\/\/dotssi.fi\/index.php\/referenssit\/\" \/>\n<meta property=\"og:site_name\" content=\"dotssi by Ideaverkko\" \/>\n<meta property=\"article:modified_time\" content=\"2024-12-05T09:09:00+00:00\" \/>\n<meta property=\"og:image\" content=\"https:\/\/dotssi.fi\/wp-content\/uploads\/2023\/03\/NovogoldMini_huoltoas_low.jpg\" \/>\n<meta name=\"twitter:card\" content=\"summary_large_image\" \/>\n<meta name=\"twitter:label1\" content=\"Est. reading time\" \/>\n\t<meta name=\"twitter:data1\" content=\"3 minutes\" \/>\n<script type=\"application\/ld+json\" class=\"yoast-schema-graph\">{\"@context\":\"https:\/\/schema.org\",\"@graph\":[{\"@type\":\"WebPage\",\"@id\":\"https:\/\/dotssi.fi\/index.php\/referenssit\/\",\"url\":\"https:\/\/dotssi.fi\/index.php\/referenssit\/\",\"name\":\"ASIAKKAIDEN SANOMAA - dotssi by Ideaverkko\",\"isPartOf\":{\"@id\":\"https:\/\/dotssi.fi\/#website\"},\"primaryImageOfPage\":{\"@id\":\"https:\/\/dotssi.fi\/index.php\/referenssit\/#primaryimage\"},\"image\":{\"@id\":\"https:\/\/dotssi.fi\/index.php\/referenssit\/#primaryimage\"},\"thumbnailUrl\":\"https:\/\/dotssi.fi\/wp-content\/uploads\/2023\/03\/NovogoldMini_huoltoas_low.jpg\",\"datePublished\":\"2023-03-14T08:06:37+00:00\",\"dateModified\":\"2024-12-05T09:09:00+00:00\",\"breadcrumb\":{\"@id\":\"https:\/\/dotssi.fi\/index.php\/referenssit\/#breadcrumb\"},\"inLanguage\":\"en-US\",\"potentialAction\":[{\"@type\":\"ReadAction\",\"target\":[\"https:\/\/dotssi.fi\/index.php\/referenssit\/\"]}]},{\"@type\":\"ImageObject\",\"inLanguage\":\"en-US\",\"@id\":\"https:\/\/dotssi.fi\/index.php\/referenssit\/#primaryimage\",\"url\":\"https:\/\/dotssi.fi\/wp-content\/uploads\/2023\/03\/NovogoldMini_huoltoas_low.jpg\",\"contentUrl\":\"https:\/\/dotssi.fi\/wp-content\/uploads\/2023\/03\/NovogoldMini_huoltoas_low.jpg\",\"width\":1000,\"height\":562},{\"@type\":\"BreadcrumbList\",\"@id\":\"https:\/\/dotssi.fi\/index.php\/referenssit\/#breadcrumb\",\"itemListElement\":[{\"@type\":\"ListItem\",\"position\":1,\"name\":\"Home\",\"item\":\"https:\/\/dotssi.fi\/\"},{\"@type\":\"ListItem\",\"position\":2,\"name\":\"ASIAKKAIDEN SANOMAA\"}]},{\"@type\":\"WebSite\",\"@id\":\"https:\/\/dotssi.fi\/#website\",\"url\":\"https:\/\/dotssi.fi\/\",\"name\":\"dot-ssi by Ideaverkko\",\"description\":\"Ideaverkko - sales supporting images\",\"publisher\":{\"@id\":\"https:\/\/dotssi.fi\/#organization\"},\"alternateName\":\"dotssi\",\"potentialAction\":[{\"@type\":\"SearchAction\",\"target\":{\"@type\":\"EntryPoint\",\"urlTemplate\":\"https:\/\/dotssi.fi\/?s={search_term_string}\"},\"query-input\":\"required name=search_term_string\"}],\"inLanguage\":\"en-US\"},{\"@type\":\"Organization\",\"@id\":\"https:\/\/dotssi.fi\/#organization\",\"name\":\"Ideaverkko\",\"alternateName\":\"Dotssi\",\"url\":\"https:\/\/dotssi.fi\/\",\"logo\":{\"@type\":\"ImageObject\",\"inLanguage\":\"en-US\",\"@id\":\"https:\/\/dotssi.fi\/#\/schema\/logo\/image\/\",\"url\":\"https:\/\/dotssi.fi\/wp-content\/uploads\/2024\/11\/Dotssi_logo_small_24.png\",\"contentUrl\":\"https:\/\/dotssi.fi\/wp-content\/uploads\/2024\/11\/Dotssi_logo_small_24.png\",\"width\":203,\"height\":200,\"caption\":\"Ideaverkko\"},\"image\":{\"@id\":\"https:\/\/dotssi.fi\/#\/schema\/logo\/image\/\"},\"sameAs\":[\"https:\/\/www.linkedin.com\/company\/ideaverkko\/\",\"https:\/\/www.instagram.com\/virtanen.jukka\/\"]}]}<\/script>\n<!-- \/ Yoast SEO plugin. -->","yoast_head_json":{"title":"ASIAKKAIDEN SANOMAA - dotssi by Ideaverkko","robots":{"index":"index","follow":"follow","max-snippet":"max-snippet:-1","max-image-preview":"max-image-preview:large","max-video-preview":"max-video-preview:-1"},"canonical":"https:\/\/dotssi.fi\/index.php\/referenssit\/","og_locale":"en_US","og_type":"article","og_title":"ASIAKKAIDEN SANOMAA - dotssi by Ideaverkko","og_description":"[vc_row][vc_column][vc_column_text] LanseerauskuvatHutek Oy:lle \u00a0 \u201dYhteisty\u00f6 IdeaVerkon kanssa oli koko projektimme ajan mutkatonta, nopeaa ja hinta-laatusuhteeltaan eritt\u00e4in hyv\u00e4\u00e4. Jukka sai nopeasti kiinni ajatuksesta, jota halusimme 3D- kuvilla ilment\u00e4\u00e4 ja lopputulokseen olemme eritt\u00e4in tyytyv\u00e4isi\u00e4. Hyv\u00e4\u00e4 on helppo suositella ja IdeaVerkolle annamme vahvan suosituksen\u201d. Sari Joukainen, myyntip\u00e4\u00e4llikk\u00f6Hutek Oy NovoCold Mini -annostelija huoltoasemaymp\u00e4rist\u00f6ss\u00e4. \u00a0 \u00a0 [\/vc_column_text][vc_separator color=&#8221;white&#8221; style=&#8221;shadow&#8221; border_width=&#8221;4&#8243;][vc_column_text] [&hellip;]","og_url":"https:\/\/dotssi.fi\/index.php\/referenssit\/","og_site_name":"dotssi by Ideaverkko","article_modified_time":"2024-12-05T09:09:00+00:00","og_image":[{"url":"https:\/\/dotssi.fi\/wp-content\/uploads\/2023\/03\/NovogoldMini_huoltoas_low.jpg"}],"twitter_card":"summary_large_image","twitter_misc":{"Est. reading time":"3 minutes"},"schema":{"@context":"https:\/\/schema.org","@graph":[{"@type":"WebPage","@id":"https:\/\/dotssi.fi\/index.php\/referenssit\/","url":"https:\/\/dotssi.fi\/index.php\/referenssit\/","name":"ASIAKKAIDEN SANOMAA - dotssi by Ideaverkko","isPartOf":{"@id":"https:\/\/dotssi.fi\/#website"},"primaryImageOfPage":{"@id":"https:\/\/dotssi.fi\/index.php\/referenssit\/#primaryimage"},"image":{"@id":"https:\/\/dotssi.fi\/index.php\/referenssit\/#primaryimage"},"thumbnailUrl":"https:\/\/dotssi.fi\/wp-content\/uploads\/2023\/03\/NovogoldMini_huoltoas_low.jpg","datePublished":"2023-03-14T08:06:37+00:00","dateModified":"2024-12-05T09:09:00+00:00","breadcrumb":{"@id":"https:\/\/dotssi.fi\/index.php\/referenssit\/#breadcrumb"},"inLanguage":"en-US","potentialAction":[{"@type":"ReadAction","target":["https:\/\/dotssi.fi\/index.php\/referenssit\/"]}]},{"@type":"ImageObject","inLanguage":"en-US","@id":"https:\/\/dotssi.fi\/index.php\/referenssit\/#primaryimage","url":"https:\/\/dotssi.fi\/wp-content\/uploads\/2023\/03\/NovogoldMini_huoltoas_low.jpg","contentUrl":"https:\/\/dotssi.fi\/wp-content\/uploads\/2023\/03\/NovogoldMini_huoltoas_low.jpg","width":1000,"height":562},{"@type":"BreadcrumbList","@id":"https:\/\/dotssi.fi\/index.php\/referenssit\/#breadcrumb","itemListElement":[{"@type":"ListItem","position":1,"name":"Home","item":"https:\/\/dotssi.fi\/"},{"@type":"ListItem","position":2,"name":"ASIAKKAIDEN SANOMAA"}]},{"@type":"WebSite","@id":"https:\/\/dotssi.fi\/#website","url":"https:\/\/dotssi.fi\/","name":"dot-ssi by Ideaverkko","description":"Ideaverkko - sales supporting images","publisher":{"@id":"https:\/\/dotssi.fi\/#organization"},"alternateName":"dotssi","potentialAction":[{"@type":"SearchAction","target":{"@type":"EntryPoint","urlTemplate":"https:\/\/dotssi.fi\/?s={search_term_string}"},"query-input":"required name=search_term_string"}],"inLanguage":"en-US"},{"@type":"Organization","@id":"https:\/\/dotssi.fi\/#organization","name":"Ideaverkko","alternateName":"Dotssi","url":"https:\/\/dotssi.fi\/","logo":{"@type":"ImageObject","inLanguage":"en-US","@id":"https:\/\/dotssi.fi\/#\/schema\/logo\/image\/","url":"https:\/\/dotssi.fi\/wp-content\/uploads\/2024\/11\/Dotssi_logo_small_24.png","contentUrl":"https:\/\/dotssi.fi\/wp-content\/uploads\/2024\/11\/Dotssi_logo_small_24.png","width":203,"height":200,"caption":"Ideaverkko"},"image":{"@id":"https:\/\/dotssi.fi\/#\/schema\/logo\/image\/"},"sameAs":["https:\/\/www.linkedin.com\/company\/ideaverkko\/","https:\/\/www.instagram.com\/virtanen.jukka\/"]}]}},"_links":{"self":[{"href":"https:\/\/dotssi.fi\/index.php\/wp-json\/wp\/v2\/pages\/347","targetHints":{"allow":["GET"]}}],"collection":[{"href":"https:\/\/dotssi.fi\/index.php\/wp-json\/wp\/v2\/pages"}],"about":[{"href":"https:\/\/dotssi.fi\/index.php\/wp-json\/wp\/v2\/types\/page"}],"author":[{"embeddable":true,"href":"https:\/\/dotssi.fi\/index.php\/wp-json\/wp\/v2\/users\/1"}],"replies":[{"embeddable":true,"href":"https:\/\/dotssi.fi\/index.php\/wp-json\/wp\/v2\/comments?post=347"}],"version-history":[{"count":11,"href":"https:\/\/dotssi.fi\/index.php\/wp-json\/wp\/v2\/pages\/347\/revisions"}],"predecessor-version":[{"id":410,"href":"https:\/\/dotssi.fi\/index.php\/wp-json\/wp\/v2\/pages\/347\/revisions\/410"}],"wp:attachment":[{"href":"https:\/\/dotssi.fi\/index.php\/wp-json\/wp\/v2\/media?parent=347"}],"curies":[{"name":"wp","href":"https:\/\/api.w.org\/{rel}","templated":true}]}}