{"id":385,"date":"2024-12-02T16:37:19","date_gmt":"2024-12-02T16:37:19","guid":{"rendered":"https:\/\/dotssi.fi\/?page_id=385"},"modified":"2024-12-02T16:37:20","modified_gmt":"2024-12-02T16:37:20","slug":"testaa-ilmaiseksi","status":"publish","type":"page","link":"https:\/\/dotssi.fi\/index.php\/testaa-ilmaiseksi\/","title":{"rendered":"Testaa Ilmaiseksi"},"content":{"rendered":"\n<p><strong>DOTSSIn 3D-visualisointihaaste!<\/strong><\/p>\n\n\n\n<div class=\"wp-block-group\"><div class=\"wp-block-group__inner-container is-layout-constrained wp-block-group-is-layout-constrained\">\n<div class=\"wp-block-columns is-layout-flex wp-container-core-columns-is-layout-9d6595d7 wp-block-columns-is-layout-flex\">\n<div class=\"wp-block-column is-layout-flow wp-block-column-is-layout-flow\">\n<p>L\u00e4het\u00e4 .step-muotoinen 3D-mallinnos yrityksenne jostain tuotteesta meille.<br>Lis\u00e4\u00e4 mukaan mahdollinen valokuva oikeasta tuotteesta. Teemme mallinnoksestanne mallivisualisoinnin t\u00e4ysin veloituksetta ja ilman sitoumuksia. L\u00e4hett\u00e4m\u00e4si tiedot ovat t\u00e4ysin luottamuksellisia, emmek\u00e4 julkaise mit\u00e4\u00e4n ilman yrityksenne lupaa.<br><br>Ota yhteytt\u00e4 helposti <a href=\"https:\/\/dotssi.fi\/index.php\/contact\/\">lomakkeella<\/a><\/p>\n<\/div>\n\n\n\n<div class=\"wp-block-column is-layout-flow wp-block-column-is-layout-flow\">\n<figure class=\"wp-block-image size-large is-resized\"><img loading=\"lazy\" decoding=\"async\" width=\"1015\" height=\"1024\" src=\"https:\/\/dotssi.fi\/wp-content\/uploads\/2024\/12\/Dotssi_challenge-1015x1024.jpg\" alt=\"\" class=\"wp-image-386\" style=\"width:265px;height:auto\" srcset=\"https:\/\/dotssi.fi\/wp-content\/uploads\/2024\/12\/Dotssi_challenge-1015x1024.jpg 1015w, https:\/\/dotssi.fi\/wp-content\/uploads\/2024\/12\/Dotssi_challenge-297x300.jpg 297w, https:\/\/dotssi.fi\/wp-content\/uploads\/2024\/12\/Dotssi_challenge-150x150.jpg 150w, https:\/\/dotssi.fi\/wp-content\/uploads\/2024\/12\/Dotssi_challenge-768x775.jpg 768w, https:\/\/dotssi.fi\/wp-content\/uploads\/2024\/12\/Dotssi_challenge.jpg 1166w\" sizes=\"auto, (max-width: 1015px) 100vw, 1015px\" \/><\/figure>\n<\/div>\n<\/div>\n<\/div><\/div>\n\n\n\n<p><\/p>\n\n\n\n<p><\/p>\n","protected":false},"excerpt":{"rendered":"<p>DOTSSIn 3D-visualisointihaaste! L\u00e4het\u00e4 .step-muotoinen 3D-mallinnos yrityksenne jostain tuotteesta meille.Lis\u00e4\u00e4 mukaan mahdollinen valokuva oikeasta tuotteesta. Teemme mallinnoksestanne mallivisualisoinnin t\u00e4ysin veloituksetta ja ilman sitoumuksia. L\u00e4hett\u00e4m\u00e4si tiedot ovat t\u00e4ysin luottamuksellisia, emmek\u00e4 julkaise mit\u00e4\u00e4n ilman yrityksenne lupaa. Ota yhteytt\u00e4 helposti lomakkeella<\/p>\n","protected":false},"author":1,"featured_media":0,"parent":0,"menu_order":0,"comment_status":"closed","ping_status":"closed","template":"","meta":{"footnotes":""},"class_list":["post-385","page","type-page","status-publish","hentry"],"yoast_head":"<!-- This site is optimized with the Yoast SEO plugin v23.0 - https:\/\/yoast.com\/wordpress\/plugins\/seo\/ -->\n<title>Testaa Ilmaiseksi - dotssi by Ideaverkko<\/title>\n<meta name=\"robots\" content=\"index, follow, max-snippet:-1, max-image-preview:large, max-video-preview:-1\" \/>\n<link rel=\"canonical\" href=\"https:\/\/dotssi.fi\/index.php\/testaa-ilmaiseksi\/\" \/>\n<meta property=\"og:locale\" content=\"en_US\" \/>\n<meta property=\"og:type\" content=\"article\" \/>\n<meta property=\"og:title\" content=\"Testaa Ilmaiseksi - dotssi by Ideaverkko\" \/>\n<meta property=\"og:description\" content=\"DOTSSIn 3D-visualisointihaaste! L\u00e4het\u00e4 .step-muotoinen 3D-mallinnos yrityksenne jostain tuotteesta meille.Lis\u00e4\u00e4 mukaan mahdollinen valokuva oikeasta tuotteesta. Teemme mallinnoksestanne mallivisualisoinnin t\u00e4ysin veloituksetta ja ilman sitoumuksia. L\u00e4hett\u00e4m\u00e4si tiedot ovat t\u00e4ysin luottamuksellisia, emmek\u00e4 julkaise mit\u00e4\u00e4n ilman yrityksenne lupaa. Ota yhteytt\u00e4 helposti lomakkeella\" \/>\n<meta property=\"og:url\" content=\"https:\/\/dotssi.fi\/index.php\/testaa-ilmaiseksi\/\" \/>\n<meta property=\"og:site_name\" content=\"dotssi by Ideaverkko\" \/>\n<meta property=\"article:modified_time\" content=\"2024-12-02T16:37:20+00:00\" \/>\n<meta property=\"og:image\" content=\"https:\/\/dotssi.fi\/wp-content\/uploads\/2024\/12\/Dotssi_challenge-1015x1024.jpg\" \/>\n<meta name=\"twitter:card\" content=\"summary_large_image\" \/>\n<meta name=\"twitter:label1\" content=\"Est. reading time\" \/>\n\t<meta name=\"twitter:data1\" content=\"1 minute\" \/>\n<script type=\"application\/ld+json\" class=\"yoast-schema-graph\">{\"@context\":\"https:\/\/schema.org\",\"@graph\":[{\"@type\":\"WebPage\",\"@id\":\"https:\/\/dotssi.fi\/index.php\/testaa-ilmaiseksi\/\",\"url\":\"https:\/\/dotssi.fi\/index.php\/testaa-ilmaiseksi\/\",\"name\":\"Testaa Ilmaiseksi - dotssi by Ideaverkko\",\"isPartOf\":{\"@id\":\"https:\/\/dotssi.fi\/#website\"},\"primaryImageOfPage\":{\"@id\":\"https:\/\/dotssi.fi\/index.php\/testaa-ilmaiseksi\/#primaryimage\"},\"image\":{\"@id\":\"https:\/\/dotssi.fi\/index.php\/testaa-ilmaiseksi\/#primaryimage\"},\"thumbnailUrl\":\"https:\/\/dotssi.fi\/wp-content\/uploads\/2024\/12\/Dotssi_challenge-1015x1024.jpg\",\"datePublished\":\"2024-12-02T16:37:19+00:00\",\"dateModified\":\"2024-12-02T16:37:20+00:00\",\"breadcrumb\":{\"@id\":\"https:\/\/dotssi.fi\/index.php\/testaa-ilmaiseksi\/#breadcrumb\"},\"inLanguage\":\"en-US\",\"potentialAction\":[{\"@type\":\"ReadAction\",\"target\":[\"https:\/\/dotssi.fi\/index.php\/testaa-ilmaiseksi\/\"]}]},{\"@type\":\"ImageObject\",\"inLanguage\":\"en-US\",\"@id\":\"https:\/\/dotssi.fi\/index.php\/testaa-ilmaiseksi\/#primaryimage\",\"url\":\"https:\/\/dotssi.fi\/wp-content\/uploads\/2024\/12\/Dotssi_challenge.jpg\",\"contentUrl\":\"https:\/\/dotssi.fi\/wp-content\/uploads\/2024\/12\/Dotssi_challenge.jpg\",\"width\":1166,\"height\":1176,\"caption\":\"3D-kuvan teett\u00e4mishaaste\"},{\"@type\":\"BreadcrumbList\",\"@id\":\"https:\/\/dotssi.fi\/index.php\/testaa-ilmaiseksi\/#breadcrumb\",\"itemListElement\":[{\"@type\":\"ListItem\",\"position\":1,\"name\":\"Home\",\"item\":\"https:\/\/dotssi.fi\/\"},{\"@type\":\"ListItem\",\"position\":2,\"name\":\"Testaa Ilmaiseksi\"}]},{\"@type\":\"WebSite\",\"@id\":\"https:\/\/dotssi.fi\/#website\",\"url\":\"https:\/\/dotssi.fi\/\",\"name\":\"dot-ssi by Ideaverkko\",\"description\":\"Ideaverkko - sales supporting images\",\"publisher\":{\"@id\":\"https:\/\/dotssi.fi\/#organization\"},\"alternateName\":\"dotssi\",\"potentialAction\":[{\"@type\":\"SearchAction\",\"target\":{\"@type\":\"EntryPoint\",\"urlTemplate\":\"https:\/\/dotssi.fi\/?s={search_term_string}\"},\"query-input\":\"required name=search_term_string\"}],\"inLanguage\":\"en-US\"},{\"@type\":\"Organization\",\"@id\":\"https:\/\/dotssi.fi\/#organization\",\"name\":\"Ideaverkko\",\"alternateName\":\"Dotssi\",\"url\":\"https:\/\/dotssi.fi\/\",\"logo\":{\"@type\":\"ImageObject\",\"inLanguage\":\"en-US\",\"@id\":\"https:\/\/dotssi.fi\/#\/schema\/logo\/image\/\",\"url\":\"https:\/\/dotssi.fi\/wp-content\/uploads\/2024\/11\/Dotssi_logo_small_24.png\",\"contentUrl\":\"https:\/\/dotssi.fi\/wp-content\/uploads\/2024\/11\/Dotssi_logo_small_24.png\",\"width\":203,\"height\":200,\"caption\":\"Ideaverkko\"},\"image\":{\"@id\":\"https:\/\/dotssi.fi\/#\/schema\/logo\/image\/\"},\"sameAs\":[\"https:\/\/www.linkedin.com\/company\/ideaverkko\/\",\"https:\/\/www.instagram.com\/virtanen.jukka\/\"]}]}<\/script>\n<!-- \/ Yoast SEO plugin. -->","yoast_head_json":{"title":"Testaa Ilmaiseksi - dotssi by Ideaverkko","robots":{"index":"index","follow":"follow","max-snippet":"max-snippet:-1","max-image-preview":"max-image-preview:large","max-video-preview":"max-video-preview:-1"},"canonical":"https:\/\/dotssi.fi\/index.php\/testaa-ilmaiseksi\/","og_locale":"en_US","og_type":"article","og_title":"Testaa Ilmaiseksi - dotssi by Ideaverkko","og_description":"DOTSSIn 3D-visualisointihaaste! L\u00e4het\u00e4 .step-muotoinen 3D-mallinnos yrityksenne jostain tuotteesta meille.Lis\u00e4\u00e4 mukaan mahdollinen valokuva oikeasta tuotteesta. Teemme mallinnoksestanne mallivisualisoinnin t\u00e4ysin veloituksetta ja ilman sitoumuksia. L\u00e4hett\u00e4m\u00e4si tiedot ovat t\u00e4ysin luottamuksellisia, emmek\u00e4 julkaise mit\u00e4\u00e4n ilman yrityksenne lupaa. Ota yhteytt\u00e4 helposti lomakkeella","og_url":"https:\/\/dotssi.fi\/index.php\/testaa-ilmaiseksi\/","og_site_name":"dotssi by Ideaverkko","article_modified_time":"2024-12-02T16:37:20+00:00","og_image":[{"url":"https:\/\/dotssi.fi\/wp-content\/uploads\/2024\/12\/Dotssi_challenge-1015x1024.jpg"}],"twitter_card":"summary_large_image","twitter_misc":{"Est. reading time":"1 minute"},"schema":{"@context":"https:\/\/schema.org","@graph":[{"@type":"WebPage","@id":"https:\/\/dotssi.fi\/index.php\/testaa-ilmaiseksi\/","url":"https:\/\/dotssi.fi\/index.php\/testaa-ilmaiseksi\/","name":"Testaa Ilmaiseksi - dotssi by Ideaverkko","isPartOf":{"@id":"https:\/\/dotssi.fi\/#website"},"primaryImageOfPage":{"@id":"https:\/\/dotssi.fi\/index.php\/testaa-ilmaiseksi\/#primaryimage"},"image":{"@id":"https:\/\/dotssi.fi\/index.php\/testaa-ilmaiseksi\/#primaryimage"},"thumbnailUrl":"https:\/\/dotssi.fi\/wp-content\/uploads\/2024\/12\/Dotssi_challenge-1015x1024.jpg","datePublished":"2024-12-02T16:37:19+00:00","dateModified":"2024-12-02T16:37:20+00:00","breadcrumb":{"@id":"https:\/\/dotssi.fi\/index.php\/testaa-ilmaiseksi\/#breadcrumb"},"inLanguage":"en-US","potentialAction":[{"@type":"ReadAction","target":["https:\/\/dotssi.fi\/index.php\/testaa-ilmaiseksi\/"]}]},{"@type":"ImageObject","inLanguage":"en-US","@id":"https:\/\/dotssi.fi\/index.php\/testaa-ilmaiseksi\/#primaryimage","url":"https:\/\/dotssi.fi\/wp-content\/uploads\/2024\/12\/Dotssi_challenge.jpg","contentUrl":"https:\/\/dotssi.fi\/wp-content\/uploads\/2024\/12\/Dotssi_challenge.jpg","width":1166,"height":1176,"caption":"3D-kuvan teett\u00e4mishaaste"},{"@type":"BreadcrumbList","@id":"https:\/\/dotssi.fi\/index.php\/testaa-ilmaiseksi\/#breadcrumb","itemListElement":[{"@type":"ListItem","position":1,"name":"Home","item":"https:\/\/dotssi.fi\/"},{"@type":"ListItem","position":2,"name":"Testaa Ilmaiseksi"}]},{"@type":"WebSite","@id":"https:\/\/dotssi.fi\/#website","url":"https:\/\/dotssi.fi\/","name":"dot-ssi by Ideaverkko","description":"Ideaverkko - sales supporting images","publisher":{"@id":"https:\/\/dotssi.fi\/#organization"},"alternateName":"dotssi","potentialAction":[{"@type":"SearchAction","target":{"@type":"EntryPoint","urlTemplate":"https:\/\/dotssi.fi\/?s={search_term_string}"},"query-input":"required name=search_term_string"}],"inLanguage":"en-US"},{"@type":"Organization","@id":"https:\/\/dotssi.fi\/#organization","name":"Ideaverkko","alternateName":"Dotssi","url":"https:\/\/dotssi.fi\/","logo":{"@type":"ImageObject","inLanguage":"en-US","@id":"https:\/\/dotssi.fi\/#\/schema\/logo\/image\/","url":"https:\/\/dotssi.fi\/wp-content\/uploads\/2024\/11\/Dotssi_logo_small_24.png","contentUrl":"https:\/\/dotssi.fi\/wp-content\/uploads\/2024\/11\/Dotssi_logo_small_24.png","width":203,"height":200,"caption":"Ideaverkko"},"image":{"@id":"https:\/\/dotssi.fi\/#\/schema\/logo\/image\/"},"sameAs":["https:\/\/www.linkedin.com\/company\/ideaverkko\/","https:\/\/www.instagram.com\/virtanen.jukka\/"]}]}},"_links":{"self":[{"href":"https:\/\/dotssi.fi\/index.php\/wp-json\/wp\/v2\/pages\/385","targetHints":{"allow":["GET"]}}],"collection":[{"href":"https:\/\/dotssi.fi\/index.php\/wp-json\/wp\/v2\/pages"}],"about":[{"href":"https:\/\/dotssi.fi\/index.php\/wp-json\/wp\/v2\/types\/page"}],"author":[{"embeddable":true,"href":"https:\/\/dotssi.fi\/index.php\/wp-json\/wp\/v2\/users\/1"}],"replies":[{"embeddable":true,"href":"https:\/\/dotssi.fi\/index.php\/wp-json\/wp\/v2\/comments?post=385"}],"version-history":[{"count":2,"href":"https:\/\/dotssi.fi\/index.php\/wp-json\/wp\/v2\/pages\/385\/revisions"}],"predecessor-version":[{"id":389,"href":"https:\/\/dotssi.fi\/index.php\/wp-json\/wp\/v2\/pages\/385\/revisions\/389"}],"wp:attachment":[{"href":"https:\/\/dotssi.fi\/index.php\/wp-json\/wp\/v2\/media?parent=385"}],"curies":[{"name":"wp","href":"https:\/\/api.w.org\/{rel}","templated":true}]}}