{"id":57,"date":"2022-11-27T07:16:07","date_gmt":"2022-11-27T07:16:07","guid":{"rendered":"https:\/\/dotssi.fi\/?page_id=57"},"modified":"2024-12-01T08:40:21","modified_gmt":"2024-12-01T08:40:21","slug":"contact","status":"publish","type":"page","link":"https:\/\/dotssi.fi\/index.php\/contact\/","title":{"rendered":"Ota Yhteytt\u00e4"},"content":{"rendered":"\r\n<div class=\"wp-block-contact-form-7-contact-form-selector\">\n<div class=\"wpcf7 no-js\" id=\"wpcf7-f28-o1\" lang=\"en-US\" dir=\"ltr\">\n<div class=\"screen-reader-response\"><p role=\"status\" aria-live=\"polite\" aria-atomic=\"true\"><\/p> <ul><\/ul><\/div>\n<form action=\"\/index.php\/wp-json\/wp\/v2\/pages\/57#wpcf7-f28-o1\" method=\"post\" class=\"wpcf7-form init\" aria-label=\"Contact form\" novalidate=\"novalidate\" data-status=\"init\">\n<div style=\"display: none;\">\n<input type=\"hidden\" name=\"_wpcf7\" value=\"28\" \/>\n<input type=\"hidden\" name=\"_wpcf7_version\" value=\"5.9.6\" \/>\n<input type=\"hidden\" name=\"_wpcf7_locale\" value=\"en_US\" \/>\n<input type=\"hidden\" name=\"_wpcf7_unit_tag\" value=\"wpcf7-f28-o1\" \/>\n<input type=\"hidden\" name=\"_wpcf7_container_post\" value=\"0\" \/>\n<input type=\"hidden\" name=\"_wpcf7_posted_data_hash\" value=\"\" \/>\n<\/div>\n<p><label> Nimi<br \/>\n<span class=\"wpcf7-form-control-wrap\" data-name=\"your-name\"><input size=\"40\" maxlength=\"80\" class=\"wpcf7-form-control wpcf7-text wpcf7-validates-as-required\" aria-required=\"true\" aria-invalid=\"false\" value=\"\" type=\"text\" name=\"your-name\" \/><\/span> <\/label>\n<\/p>\n<p><label> S\u00e4hk\u00f6posti<br \/>\n<span class=\"wpcf7-form-control-wrap\" data-name=\"your-email\"><input size=\"40\" maxlength=\"80\" class=\"wpcf7-form-control wpcf7-email wpcf7-validates-as-required wpcf7-text wpcf7-validates-as-email\" aria-required=\"true\" aria-invalid=\"false\" value=\"\" type=\"email\" name=\"your-email\" \/><\/span> <\/label>\n<\/p>\n<p><label> Puhelinnumero<br \/>\n<span class=\"wpcf7-form-control-wrap\" data-name=\"tel-102\"><input size=\"40\" maxlength=\"80\" class=\"wpcf7-form-control wpcf7-tel wpcf7-text wpcf7-validates-as-tel\" aria-invalid=\"false\" value=\"\" type=\"tel\" name=\"tel-102\" \/><\/span> <\/label>\n<\/p>\n<p>Olen kiinnostunut<br \/>\n<span class=\"wpcf7-form-control-wrap\" data-name=\"menu-775\"><select class=\"wpcf7-form-control wpcf7-select\" aria-invalid=\"false\" name=\"menu-775\"><option value=\"3D-tuotekuvista\">3D-tuotekuvista<\/option><option value=\"Maisemoiduista 3D-tuotekuvista\">Maisemoiduista 3D-tuotekuvista<\/option><option value=\"3D-visualisointi haasteesta\">3D-visualisointi haasteesta<\/option><option value=\"Parannetuista valokuvista\">Parannetuista valokuvista<\/option><option value=\"Graafisesta suunnittelusta\">Graafisesta suunnittelusta<\/option><option value=\"Muista mainostoimistopalveluista\">Muista mainostoimistopalveluista<\/option><\/select><\/span>\n<\/p>\n<p>Haluan yhteydenoton<br \/>\n<span class=\"wpcf7-form-control-wrap\" data-name=\"menu-374\"><select class=\"wpcf7-form-control wpcf7-select\" aria-invalid=\"false\" name=\"menu-374\"><option value=\"S\u00e4hk\u00f6postilla\">S\u00e4hk\u00f6postilla<\/option><option value=\"Puhelimella\">Puhelimella<\/option><\/select><\/span>\n<\/p>\n<p><label> Viesti (optional)<br \/>\n<span class=\"wpcf7-form-control-wrap\" data-name=\"your-message\"><textarea cols=\"40\" rows=\"10\" maxlength=\"400\" class=\"wpcf7-form-control wpcf7-textarea\" aria-invalid=\"false\" name=\"your-message\"><\/textarea><\/span> <\/label>\n<\/p>\n<p><input class=\"wpcf7-form-control wpcf7-submit has-spinner\" type=\"submit\" value=\"L\u00e4het\u00e4\" \/>\n<\/p><div class=\"wpcf7-response-output\" aria-hidden=\"true\"><\/div>\n<\/form>\n<\/div>\n<\/div>\r\n\r\n\r\n\r\n<p><br \/><br \/>Tai jos haluat muuten ottaa yhteytt\u00e4 niin<br \/><strong>soita 044 206 2066 <\/strong><br \/>tai l\u00e4het\u00e4 s\u00e4hk\u00f6postia<br \/><strong>jukka@ideaverkko.net<\/strong><\/p>\r\n","protected":false},"excerpt":{"rendered":"<p>Tai jos haluat muuten ottaa yhteytt\u00e4 niinsoita 044 206 2066 tai l\u00e4het\u00e4 s\u00e4hk\u00f6postiajukka@ideaverkko.net<\/p>\n","protected":false},"author":1,"featured_media":0,"parent":0,"menu_order":4,"comment_status":"closed","ping_status":"closed","template":"","meta":{"footnotes":""},"class_list":["post-57","page","type-page","status-publish","hentry"],"yoast_head":"<!-- This site is optimized with the Yoast SEO plugin v23.0 - https:\/\/yoast.com\/wordpress\/plugins\/seo\/ -->\n<title>Ota Yhteytt\u00e4 - dotssi by Ideaverkko<\/title>\n<meta name=\"robots\" content=\"index, follow, max-snippet:-1, max-image-preview:large, max-video-preview:-1\" \/>\n<link rel=\"canonical\" href=\"https:\/\/dotssi.fi\/index.php\/contact\/\" \/>\n<meta property=\"og:locale\" content=\"en_US\" \/>\n<meta property=\"og:type\" content=\"article\" \/>\n<meta property=\"og:title\" content=\"Ota Yhteytt\u00e4 - dotssi by Ideaverkko\" \/>\n<meta property=\"og:description\" content=\"Tai jos haluat muuten ottaa yhteytt\u00e4 niinsoita 044 206 2066 tai l\u00e4het\u00e4 s\u00e4hk\u00f6postiajukka@ideaverkko.net\" \/>\n<meta property=\"og:url\" content=\"https:\/\/dotssi.fi\/index.php\/contact\/\" \/>\n<meta property=\"og:site_name\" content=\"dotssi by Ideaverkko\" \/>\n<meta property=\"article:modified_time\" content=\"2024-12-01T08:40:21+00:00\" \/>\n<meta name=\"twitter:card\" content=\"summary_large_image\" \/>\n<meta name=\"twitter:label1\" content=\"Est. reading time\" \/>\n\t<meta name=\"twitter:data1\" content=\"1 minute\" \/>\n<script type=\"application\/ld+json\" class=\"yoast-schema-graph\">{\"@context\":\"https:\/\/schema.org\",\"@graph\":[{\"@type\":\"WebPage\",\"@id\":\"https:\/\/dotssi.fi\/index.php\/contact\/\",\"url\":\"https:\/\/dotssi.fi\/index.php\/contact\/\",\"name\":\"Ota Yhteytt\u00e4 - dotssi by Ideaverkko\",\"isPartOf\":{\"@id\":\"https:\/\/dotssi.fi\/#website\"},\"datePublished\":\"2022-11-27T07:16:07+00:00\",\"dateModified\":\"2024-12-01T08:40:21+00:00\",\"breadcrumb\":{\"@id\":\"https:\/\/dotssi.fi\/index.php\/contact\/#breadcrumb\"},\"inLanguage\":\"en-US\",\"potentialAction\":[{\"@type\":\"ReadAction\",\"target\":[\"https:\/\/dotssi.fi\/index.php\/contact\/\"]}]},{\"@type\":\"BreadcrumbList\",\"@id\":\"https:\/\/dotssi.fi\/index.php\/contact\/#breadcrumb\",\"itemListElement\":[{\"@type\":\"ListItem\",\"position\":1,\"name\":\"Home\",\"item\":\"https:\/\/dotssi.fi\/\"},{\"@type\":\"ListItem\",\"position\":2,\"name\":\"Ota Yhteytt\u00e4\"}]},{\"@type\":\"WebSite\",\"@id\":\"https:\/\/dotssi.fi\/#website\",\"url\":\"https:\/\/dotssi.fi\/\",\"name\":\"dot-ssi by Ideaverkko\",\"description\":\"Ideaverkko - sales supporting images\",\"publisher\":{\"@id\":\"https:\/\/dotssi.fi\/#organization\"},\"alternateName\":\"dotssi\",\"potentialAction\":[{\"@type\":\"SearchAction\",\"target\":{\"@type\":\"EntryPoint\",\"urlTemplate\":\"https:\/\/dotssi.fi\/?s={search_term_string}\"},\"query-input\":\"required name=search_term_string\"}],\"inLanguage\":\"en-US\"},{\"@type\":\"Organization\",\"@id\":\"https:\/\/dotssi.fi\/#organization\",\"name\":\"Ideaverkko\",\"alternateName\":\"Dotssi\",\"url\":\"https:\/\/dotssi.fi\/\",\"logo\":{\"@type\":\"ImageObject\",\"inLanguage\":\"en-US\",\"@id\":\"https:\/\/dotssi.fi\/#\/schema\/logo\/image\/\",\"url\":\"https:\/\/dotssi.fi\/wp-content\/uploads\/2024\/11\/Dotssi_logo_small_24.png\",\"contentUrl\":\"https:\/\/dotssi.fi\/wp-content\/uploads\/2024\/11\/Dotssi_logo_small_24.png\",\"width\":203,\"height\":200,\"caption\":\"Ideaverkko\"},\"image\":{\"@id\":\"https:\/\/dotssi.fi\/#\/schema\/logo\/image\/\"},\"sameAs\":[\"https:\/\/www.linkedin.com\/company\/ideaverkko\/\",\"https:\/\/www.instagram.com\/virtanen.jukka\/\"]}]}<\/script>\n<!-- \/ Yoast SEO plugin. -->","yoast_head_json":{"title":"Ota Yhteytt\u00e4 - dotssi by Ideaverkko","robots":{"index":"index","follow":"follow","max-snippet":"max-snippet:-1","max-image-preview":"max-image-preview:large","max-video-preview":"max-video-preview:-1"},"canonical":"https:\/\/dotssi.fi\/index.php\/contact\/","og_locale":"en_US","og_type":"article","og_title":"Ota Yhteytt\u00e4 - dotssi by Ideaverkko","og_description":"Tai jos haluat muuten ottaa yhteytt\u00e4 niinsoita 044 206 2066 tai l\u00e4het\u00e4 s\u00e4hk\u00f6postiajukka@ideaverkko.net","og_url":"https:\/\/dotssi.fi\/index.php\/contact\/","og_site_name":"dotssi by Ideaverkko","article_modified_time":"2024-12-01T08:40:21+00:00","twitter_card":"summary_large_image","twitter_misc":{"Est. reading time":"1 minute"},"schema":{"@context":"https:\/\/schema.org","@graph":[{"@type":"WebPage","@id":"https:\/\/dotssi.fi\/index.php\/contact\/","url":"https:\/\/dotssi.fi\/index.php\/contact\/","name":"Ota Yhteytt\u00e4 - dotssi by Ideaverkko","isPartOf":{"@id":"https:\/\/dotssi.fi\/#website"},"datePublished":"2022-11-27T07:16:07+00:00","dateModified":"2024-12-01T08:40:21+00:00","breadcrumb":{"@id":"https:\/\/dotssi.fi\/index.php\/contact\/#breadcrumb"},"inLanguage":"en-US","potentialAction":[{"@type":"ReadAction","target":["https:\/\/dotssi.fi\/index.php\/contact\/"]}]},{"@type":"BreadcrumbList","@id":"https:\/\/dotssi.fi\/index.php\/contact\/#breadcrumb","itemListElement":[{"@type":"ListItem","position":1,"name":"Home","item":"https:\/\/dotssi.fi\/"},{"@type":"ListItem","position":2,"name":"Ota Yhteytt\u00e4"}]},{"@type":"WebSite","@id":"https:\/\/dotssi.fi\/#website","url":"https:\/\/dotssi.fi\/","name":"dot-ssi by Ideaverkko","description":"Ideaverkko - sales supporting images","publisher":{"@id":"https:\/\/dotssi.fi\/#organization"},"alternateName":"dotssi","potentialAction":[{"@type":"SearchAction","target":{"@type":"EntryPoint","urlTemplate":"https:\/\/dotssi.fi\/?s={search_term_string}"},"query-input":"required name=search_term_string"}],"inLanguage":"en-US"},{"@type":"Organization","@id":"https:\/\/dotssi.fi\/#organization","name":"Ideaverkko","alternateName":"Dotssi","url":"https:\/\/dotssi.fi\/","logo":{"@type":"ImageObject","inLanguage":"en-US","@id":"https:\/\/dotssi.fi\/#\/schema\/logo\/image\/","url":"https:\/\/dotssi.fi\/wp-content\/uploads\/2024\/11\/Dotssi_logo_small_24.png","contentUrl":"https:\/\/dotssi.fi\/wp-content\/uploads\/2024\/11\/Dotssi_logo_small_24.png","width":203,"height":200,"caption":"Ideaverkko"},"image":{"@id":"https:\/\/dotssi.fi\/#\/schema\/logo\/image\/"},"sameAs":["https:\/\/www.linkedin.com\/company\/ideaverkko\/","https:\/\/www.instagram.com\/virtanen.jukka\/"]}]}},"_links":{"self":[{"href":"https:\/\/dotssi.fi\/index.php\/wp-json\/wp\/v2\/pages\/57","targetHints":{"allow":["GET"]}}],"collection":[{"href":"https:\/\/dotssi.fi\/index.php\/wp-json\/wp\/v2\/pages"}],"about":[{"href":"https:\/\/dotssi.fi\/index.php\/wp-json\/wp\/v2\/types\/page"}],"author":[{"embeddable":true,"href":"https:\/\/dotssi.fi\/index.php\/wp-json\/wp\/v2\/users\/1"}],"replies":[{"embeddable":true,"href":"https:\/\/dotssi.fi\/index.php\/wp-json\/wp\/v2\/comments?post=57"}],"version-history":[{"count":7,"href":"https:\/\/dotssi.fi\/index.php\/wp-json\/wp\/v2\/pages\/57\/revisions"}],"predecessor-version":[{"id":380,"href":"https:\/\/dotssi.fi\/index.php\/wp-json\/wp\/v2\/pages\/57\/revisions\/380"}],"wp:attachment":[{"href":"https:\/\/dotssi.fi\/index.php\/wp-json\/wp\/v2\/media?parent=57"}],"curies":[{"name":"wp","href":"https:\/\/api.w.org\/{rel}","templated":true}]}}